{"id":3655,"date":"2023-04-13T11:04:41","date_gmt":"2023-04-13T11:04:41","guid":{"rendered":"https:\/\/hersteragarden.com\/shop\/?page_id=3655"},"modified":"2026-01-22T08:28:56","modified_gmt":"2026-01-22T07:28:56","slug":"media","status":"publish","type":"page","link":"https:\/\/hersteragarden.com\/shop\/media\/","title":{"rendered":"Media"},"content":{"rendered":"\t\t<div data-elementor-type=\"wp-page\" data-elementor-id=\"3655\" class=\"elementor elementor-3655\">\n\t\t\t\t<div class=\"wd-negative-gap elementor-element elementor-element-3402096 e-flex e-con-boxed e-con e-parent\" data-id=\"3402096\" data-element_type=\"container\" data-e-type=\"container\" data-settings=\"{&quot;background_background&quot;:&quot;classic&quot;}\">\n\t\t\t\t\t<div class=\"e-con-inner\">\n\t\t<div class=\"elementor-element elementor-element-a956f36 e-con-full e-flex e-con e-child\" data-id=\"a956f36\" data-element_type=\"container\" data-e-type=\"container\">\n\t\t<a class=\"elementor-element elementor-element-2ab7176 e-con-full catalogue-box e-flex e-con e-child\" data-id=\"2ab7176\" data-element_type=\"container\" data-e-type=\"container\" data-settings=\"{&quot;background_background&quot;:&quot;classic&quot;}\" href=\"https:\/\/hersteragarden.com\/shop\/catalogos\/catalogo-general-2026\/\" target=\"_blank\">\n\t\t\t\t<div class=\"elementor-element elementor-element-4968299 elementor-widget elementor-widget-heading\" data-id=\"4968299\" data-element_type=\"widget\" data-e-type=\"widget\" data-widget_type=\"heading.default\">\n\t\t\t\t<div class=\"elementor-widget-container\">\n\t\t\t\t\t<h2 class=\"elementor-heading-title elementor-size-default\">Cat\u00e1logo general 2026<\/h2>\t\t\t\t<\/div>\n\t\t\t\t<\/div>\n\t\t\t\t<\/a>\n\t\t\t\t<\/div>\n\t\t<div class=\"elementor-element elementor-element-5a3f647 e-con-full height100 e-flex e-con e-child\" data-id=\"5a3f647\" data-element_type=\"container\" data-e-type=\"container\">\n\t\t<div class=\"elementor-element elementor-element-8ba3993 e-con-full height100 e-flex e-con e-child\" data-id=\"8ba3993\" data-element_type=\"container\" data-e-type=\"container\">\n\t\t<a class=\"elementor-element elementor-element-4bc37b3 e-con-full catalogue-box e-flex e-con e-child\" data-id=\"4bc37b3\" data-element_type=\"container\" data-e-type=\"container\" data-settings=\"{&quot;background_background&quot;:&quot;classic&quot;}\" href=\"https:\/\/hersteragarden.com\/shop\/catalogos\/catalogo-planter-system-2026\/\" target=\"_blank\">\n\t\t\t\t<div class=\"elementor-element elementor-element-643c574 elementor-widget elementor-widget-heading\" data-id=\"643c574\" data-element_type=\"widget\" data-e-type=\"widget\" data-widget_type=\"heading.default\">\n\t\t\t\t<div class=\"elementor-widget-container\">\n\t\t\t\t\t<h2 class=\"elementor-heading-title elementor-size-default\">Cat\u00e1logo Planter Systems 2026<\/h2>\t\t\t\t<\/div>\n\t\t\t\t<\/div>\n\t\t\t\t<\/a>\n\t\t\t\t<div class=\"elementor-element elementor-element-3e1e6c2 elementor-widget elementor-widget-spacer\" data-id=\"3e1e6c2\" data-element_type=\"widget\" data-e-type=\"widget\" data-widget_type=\"spacer.default\">\n\t\t\t\t<div class=\"elementor-widget-container\">\n\t\t\t\t\t\t\t<div class=\"elementor-spacer\">\n\t\t\t<div class=\"elementor-spacer-inner\"><\/div>\n\t\t<\/div>\n\t\t\t\t\t\t<\/div>\n\t\t\t\t<\/div>\n\t\t<a class=\"elementor-element elementor-element-7715445 e-con-full catalogue-box e-flex e-con e-child\" data-id=\"7715445\" data-element_type=\"container\" data-e-type=\"container\" data-settings=\"{&quot;background_background&quot;:&quot;classic&quot;}\" href=\"https:\/\/www.dropbox.com\/sh\/urz3yt5ekzlt53s\/AAC1fmRiZVV1Nhbz9onEe-84a?dl=0\" target=\"_blank\">\n\t\t\t\t<div class=\"elementor-element elementor-element-8ad8998 elementor-widget elementor-widget-heading\" data-id=\"8ad8998\" data-element_type=\"widget\" data-e-type=\"widget\" data-widget_type=\"heading.default\">\n\t\t\t\t<div class=\"elementor-widget-container\">\n\t\t\t\t\t<h2 class=\"elementor-heading-title elementor-size-default\">Documentaci\u00f3n t\u00e9cnica<\/h2>\t\t\t\t<\/div>\n\t\t\t\t<\/div>\n\t\t\t\t<\/a>\n\t\t\t\t<\/div>\n\t\t<div class=\"elementor-element elementor-element-784cf10 e-con-full height100 e-flex e-con e-child\" data-id=\"784cf10\" data-element_type=\"container\" data-e-type=\"container\">\n\t\t<a class=\"elementor-element elementor-element-a3c2bea e-con-full catalogue-box e-flex e-con e-child\" data-id=\"a3c2bea\" data-element_type=\"container\" data-e-type=\"container\" data-settings=\"{&quot;background_background&quot;:&quot;classic&quot;}\" href=\"https:\/\/issuu.com\/herstera\/docs\/xmas_colection_2025?fr=xKAE9_zMzMw\" target=\"_blank\">\n\t\t\t\t<div class=\"elementor-element elementor-element-6f12d96 elementor-widget elementor-widget-heading\" data-id=\"6f12d96\" data-element_type=\"widget\" data-e-type=\"widget\" data-widget_type=\"heading.default\">\n\t\t\t\t<div class=\"elementor-widget-container\">\n\t\t\t\t\t<h2 class=\"elementor-heading-title elementor-size-default\">Cat\u00e1logo Xmas 2025<\/h2>\t\t\t\t<\/div>\n\t\t\t\t<\/div>\n\t\t\t\t<\/a>\n\t\t\t\t<div class=\"elementor-element elementor-element-a6c1e0d elementor-widget elementor-widget-spacer\" data-id=\"a6c1e0d\" data-element_type=\"widget\" data-e-type=\"widget\" data-widget_type=\"spacer.default\">\n\t\t\t\t<div class=\"elementor-widget-container\">\n\t\t\t\t\t\t\t<div class=\"elementor-spacer\">\n\t\t\t<div class=\"elementor-spacer-inner\"><\/div>\n\t\t<\/div>\n\t\t\t\t\t\t<\/div>\n\t\t\t\t<\/div>\n\t\t<a class=\"elementor-element elementor-element-fb0f246 e-con-full catalogue-box e-flex e-con e-child\" data-id=\"fb0f246\" data-element_type=\"container\" data-e-type=\"container\" data-settings=\"{&quot;background_background&quot;:&quot;classic&quot;}\" href=\"https:\/\/www.dropbox.com\/sh\/lvgayjuupvgrdqv\/AAAmdGPJZm4FG3yCraXlCXj9a?dl=0\" target=\"_blank\">\n\t\t\t\t<div class=\"elementor-element elementor-element-105d8c9 elementor-widget elementor-widget-heading\" data-id=\"105d8c9\" data-element_type=\"widget\" data-e-type=\"widget\" data-widget_type=\"heading.default\">\n\t\t\t\t<div class=\"elementor-widget-container\">\n\t\t\t\t\t<h2 class=\"elementor-heading-title elementor-size-default\">Logotipos<\/h2>\t\t\t\t<\/div>\n\t\t\t\t<\/div>\n\t\t\t\t<\/a>\n\t\t\t\t<\/div>\n\t\t\t\t<\/div>\n\t\t\t\t\t<\/div>\n\t\t\t\t<\/div>\n\t\t<div class=\"wd-negative-gap elementor-element elementor-element-fa7fedd e-flex e-con-boxed e-con e-parent\" data-id=\"fa7fedd\" data-element_type=\"container\" data-e-type=\"container\" data-settings=\"{&quot;background_background&quot;:&quot;classic&quot;}\">\n\t\t\t\t\t<div class=\"e-con-inner\">\n\t\t<div class=\"elementor-element elementor-element-af70f8a e-con-full e-flex e-con e-child\" data-id=\"af70f8a\" data-element_type=\"container\" data-e-type=\"container\">\n\t\t<a class=\"elementor-element elementor-element-f8f8155 e-con-full catalogue-box e-flex e-con e-child\" data-id=\"f8f8155\" data-element_type=\"container\" data-e-type=\"container\" data-settings=\"{&quot;background_background&quot;:&quot;classic&quot;}\" href=\"https:\/\/www.dropbox.com\/scl\/fo\/di0ggv1c8cqdletkjta1i\/AK9PihBv00UEw4IAeCXheQk?rlkey=t4w0mpdpbyfvisqkgtysxrqq5&#038;st=w3r4dfhi&#038;dl=0\" target=\"_blank\">\n\t\t\t\t<div class=\"elementor-element elementor-element-e27fe36 elementor-widget elementor-widget-heading\" data-id=\"e27fe36\" data-element_type=\"widget\" data-e-type=\"widget\" data-widget_type=\"heading.default\">\n\t\t\t\t<div class=\"elementor-widget-container\">\n\t\t\t\t\t<h2 class=\"elementor-heading-title elementor-size-default\">Im\u00e1genes<\/h2>\t\t\t\t<\/div>\n\t\t\t\t<\/div>\n\t\t\t\t<\/a>\n\t\t\t\t<\/div>\n\t\t<div class=\"elementor-element elementor-element-132c1a1 e-con-full e-flex e-con e-child\" data-id=\"132c1a1\" data-element_type=\"container\" data-e-type=\"container\">\n\t\t<a class=\"elementor-element elementor-element-309ff5a e-con-full catalogue-box e-flex e-con e-child\" data-id=\"309ff5a\" data-element_type=\"container\" data-e-type=\"container\" data-settings=\"{&quot;background_background&quot;:&quot;classic&quot;}\" href=\"https:\/\/vimeo.com\/user141099272\" target=\"_blank\">\n\t\t\t\t<div class=\"elementor-element elementor-element-c6cb8d0 elementor-widget elementor-widget-heading\" data-id=\"c6cb8d0\" data-element_type=\"widget\" data-e-type=\"widget\" data-widget_type=\"heading.default\">\n\t\t\t\t<div class=\"elementor-widget-container\">\n\t\t\t\t\t<h2 class=\"elementor-heading-title elementor-size-default\">V\u00eddeos<\/h2>\t\t\t\t<\/div>\n\t\t\t\t<\/div>\n\t\t\t\t<\/a>\n\t\t\t\t<\/div>\n\t\t\t\t\t<\/div>\n\t\t\t\t<\/div>\n\t\t\t\t<\/div>\n\t\t","protected":false},"excerpt":{"rendered":"<p>Cat\u00e1logo general 2026 Cat\u00e1logo Planter Systems 2026 Documentaci\u00f3n t\u00e9cnica Cat\u00e1logo Xmas 2025 Logotipos Im\u00e1genes V\u00eddeos<\/p>\n","protected":false},"author":13280,"featured_media":0,"parent":0,"menu_order":0,"comment_status":"closed","ping_status":"closed","template":"","meta":{"_acf_changed":false,"footnotes":""},"class_list":["post-3655","page","type-page","status-publish","hentry"],"acf":[],"yoast_head":"<!-- This site is optimized with the Yoast SEO plugin v27.2 - https:\/\/yoast.com\/product\/yoast-seo-wordpress\/ -->\n<title>Media - Herstera<\/title>\n<meta name=\"robots\" content=\"index, follow, max-snippet:-1, max-image-preview:large, max-video-preview:-1\" \/>\n<link rel=\"canonical\" href=\"https:\/\/hersteragarden.com\/shop\/media\/\" \/>\n<meta property=\"og:locale\" content=\"es_ES\" \/>\n<meta property=\"og:type\" content=\"article\" \/>\n<meta property=\"og:title\" content=\"Media - Herstera\" \/>\n<meta property=\"og:description\" content=\"Cat\u00e1logo general 2026 Cat\u00e1logo Planter Systems 2026 Documentaci\u00f3n t\u00e9cnica Cat\u00e1logo Xmas 2025 Logotipos Im\u00e1genes V\u00eddeos\" \/>\n<meta property=\"og:url\" content=\"https:\/\/hersteragarden.com\/shop\/media\/\" \/>\n<meta property=\"og:site_name\" content=\"Herstera\" \/>\n<meta property=\"article:publisher\" content=\"https:\/\/www.facebook.com\/p\/Herstera-Garden-SL-100069356703579\/?locale=es_ES\" \/>\n<meta property=\"article:modified_time\" content=\"2026-01-22T07:28:56+00:00\" \/>\n<meta name=\"twitter:card\" content=\"summary_large_image\" \/>\n<meta name=\"twitter:label1\" content=\"Tiempo de lectura\" \/>\n\t<meta name=\"twitter:data1\" content=\"1 minuto\" \/>\n<script type=\"application\/ld+json\" class=\"yoast-schema-graph\">{\"@context\":\"https:\/\/schema.org\",\"@graph\":[{\"@type\":\"WebPage\",\"@id\":\"https:\/\/hersteragarden.com\/shop\/media\/\",\"url\":\"https:\/\/hersteragarden.com\/shop\/media\/\",\"name\":\"Media - Herstera\",\"isPartOf\":{\"@id\":\"https:\/\/hersteragarden.com\/shop\/#website\"},\"datePublished\":\"2023-04-13T11:04:41+00:00\",\"dateModified\":\"2026-01-22T07:28:56+00:00\",\"breadcrumb\":{\"@id\":\"https:\/\/hersteragarden.com\/shop\/media\/#breadcrumb\"},\"inLanguage\":\"es\",\"potentialAction\":[{\"@type\":\"ReadAction\",\"target\":[\"https:\/\/hersteragarden.com\/shop\/media\/\"]}]},{\"@type\":\"BreadcrumbList\",\"@id\":\"https:\/\/hersteragarden.com\/shop\/media\/#breadcrumb\",\"itemListElement\":[{\"@type\":\"ListItem\",\"position\":1,\"name\":\"Portada\",\"item\":\"https:\/\/hersteragarden.com\/shop\/\"},{\"@type\":\"ListItem\",\"position\":2,\"name\":\"Media\"}]},{\"@type\":\"WebSite\",\"@id\":\"https:\/\/hersteragarden.com\/shop\/#website\",\"url\":\"https:\/\/hersteragarden.com\/shop\/\",\"name\":\"Herstera\",\"description\":\"Passion for pottery\",\"publisher\":{\"@id\":\"https:\/\/hersteragarden.com\/shop\/#organization\"},\"potentialAction\":[{\"@type\":\"SearchAction\",\"target\":{\"@type\":\"EntryPoint\",\"urlTemplate\":\"https:\/\/hersteragarden.com\/shop\/?s={search_term_string}\"},\"query-input\":{\"@type\":\"PropertyValueSpecification\",\"valueRequired\":true,\"valueName\":\"search_term_string\"}}],\"inLanguage\":\"es\"},{\"@type\":\"Organization\",\"@id\":\"https:\/\/hersteragarden.com\/shop\/#organization\",\"name\":\"Herstera\",\"url\":\"https:\/\/hersteragarden.com\/shop\/\",\"logo\":{\"@type\":\"ImageObject\",\"inLanguage\":\"es\",\"@id\":\"https:\/\/hersteragarden.com\/shop\/#\/schema\/logo\/image\/\",\"url\":\"https:\/\/hersteragarden.com\/shop\/wp-content\/uploads\/2023\/03\/herstera-logo-1.svg\",\"contentUrl\":\"https:\/\/hersteragarden.com\/shop\/wp-content\/uploads\/2023\/03\/herstera-logo-1.svg\",\"width\":100,\"height\":100,\"caption\":\"Herstera\"},\"image\":{\"@id\":\"https:\/\/hersteragarden.com\/shop\/#\/schema\/logo\/image\/\"},\"sameAs\":[\"https:\/\/www.facebook.com\/p\/Herstera-Garden-SL-100069356703579\/?locale=es_ES\"]}]}<\/script>\n<!-- \/ Yoast SEO plugin. -->","yoast_head_json":{"title":"Media - Herstera","robots":{"index":"index","follow":"follow","max-snippet":"max-snippet:-1","max-image-preview":"max-image-preview:large","max-video-preview":"max-video-preview:-1"},"canonical":"https:\/\/hersteragarden.com\/shop\/media\/","og_locale":"es_ES","og_type":"article","og_title":"Media - Herstera","og_description":"Cat\u00e1logo general 2026 Cat\u00e1logo Planter Systems 2026 Documentaci\u00f3n t\u00e9cnica Cat\u00e1logo Xmas 2025 Logotipos Im\u00e1genes V\u00eddeos","og_url":"https:\/\/hersteragarden.com\/shop\/media\/","og_site_name":"Herstera","article_publisher":"https:\/\/www.facebook.com\/p\/Herstera-Garden-SL-100069356703579\/?locale=es_ES","article_modified_time":"2026-01-22T07:28:56+00:00","twitter_card":"summary_large_image","twitter_misc":{"Tiempo de lectura":"1 minuto"},"schema":{"@context":"https:\/\/schema.org","@graph":[{"@type":"WebPage","@id":"https:\/\/hersteragarden.com\/shop\/media\/","url":"https:\/\/hersteragarden.com\/shop\/media\/","name":"Media - Herstera","isPartOf":{"@id":"https:\/\/hersteragarden.com\/shop\/#website"},"datePublished":"2023-04-13T11:04:41+00:00","dateModified":"2026-01-22T07:28:56+00:00","breadcrumb":{"@id":"https:\/\/hersteragarden.com\/shop\/media\/#breadcrumb"},"inLanguage":"es","potentialAction":[{"@type":"ReadAction","target":["https:\/\/hersteragarden.com\/shop\/media\/"]}]},{"@type":"BreadcrumbList","@id":"https:\/\/hersteragarden.com\/shop\/media\/#breadcrumb","itemListElement":[{"@type":"ListItem","position":1,"name":"Portada","item":"https:\/\/hersteragarden.com\/shop\/"},{"@type":"ListItem","position":2,"name":"Media"}]},{"@type":"WebSite","@id":"https:\/\/hersteragarden.com\/shop\/#website","url":"https:\/\/hersteragarden.com\/shop\/","name":"Herstera","description":"Passion for pottery","publisher":{"@id":"https:\/\/hersteragarden.com\/shop\/#organization"},"potentialAction":[{"@type":"SearchAction","target":{"@type":"EntryPoint","urlTemplate":"https:\/\/hersteragarden.com\/shop\/?s={search_term_string}"},"query-input":{"@type":"PropertyValueSpecification","valueRequired":true,"valueName":"search_term_string"}}],"inLanguage":"es"},{"@type":"Organization","@id":"https:\/\/hersteragarden.com\/shop\/#organization","name":"Herstera","url":"https:\/\/hersteragarden.com\/shop\/","logo":{"@type":"ImageObject","inLanguage":"es","@id":"https:\/\/hersteragarden.com\/shop\/#\/schema\/logo\/image\/","url":"https:\/\/hersteragarden.com\/shop\/wp-content\/uploads\/2023\/03\/herstera-logo-1.svg","contentUrl":"https:\/\/hersteragarden.com\/shop\/wp-content\/uploads\/2023\/03\/herstera-logo-1.svg","width":100,"height":100,"caption":"Herstera"},"image":{"@id":"https:\/\/hersteragarden.com\/shop\/#\/schema\/logo\/image\/"},"sameAs":["https:\/\/www.facebook.com\/p\/Herstera-Garden-SL-100069356703579\/?locale=es_ES"]}]}},"_links":{"self":[{"href":"https:\/\/hersteragarden.com\/shop\/wp-json\/wp\/v2\/pages\/3655","targetHints":{"allow":["GET"]}}],"collection":[{"href":"https:\/\/hersteragarden.com\/shop\/wp-json\/wp\/v2\/pages"}],"about":[{"href":"https:\/\/hersteragarden.com\/shop\/wp-json\/wp\/v2\/types\/page"}],"author":[{"embeddable":true,"href":"https:\/\/hersteragarden.com\/shop\/wp-json\/wp\/v2\/users\/13280"}],"replies":[{"embeddable":true,"href":"https:\/\/hersteragarden.com\/shop\/wp-json\/wp\/v2\/comments?post=3655"}],"version-history":[{"count":27,"href":"https:\/\/hersteragarden.com\/shop\/wp-json\/wp\/v2\/pages\/3655\/revisions"}],"predecessor-version":[{"id":81808,"href":"https:\/\/hersteragarden.com\/shop\/wp-json\/wp\/v2\/pages\/3655\/revisions\/81808"}],"wp:attachment":[{"href":"https:\/\/hersteragarden.com\/shop\/wp-json\/wp\/v2\/media?parent=3655"}],"curies":[{"name":"wp","href":"https:\/\/api.w.org\/{rel}","templated":true}]}}