{"id":10101,"date":"2023-05-17T13:19:24","date_gmt":"2023-05-17T13:19:24","guid":{"rendered":"https:\/\/hersteragarden.com\/shop\/?page_id=10101"},"modified":"2025-06-16T15:28:08","modified_gmt":"2025-06-16T14:28:08","slug":"politica-de-cookies","status":"publish","type":"page","link":"https:\/\/hersteragarden.com\/shop\/politica-de-cookies\/","title":{"rendered":"Pol\u00edtica de cookies"},"content":{"rendered":"\t\t<div data-elementor-type=\"wp-page\" data-elementor-id=\"10101\" class=\"elementor elementor-10101\">\n\t\t\t\t\t\t<section class=\"wd-negative-gap elementor-section elementor-top-section elementor-element elementor-element-688ec7a elementor-section-boxed elementor-section-height-default elementor-section-height-default\" data-id=\"688ec7a\" data-element_type=\"section\" data-e-type=\"section\">\n\t\t\t\t\t\t<div class=\"elementor-container elementor-column-gap-default\">\n\t\t\t\t\t<div class=\"elementor-column elementor-col-100 elementor-top-column elementor-element elementor-element-e324471\" data-id=\"e324471\" data-element_type=\"column\" data-e-type=\"column\">\n\t\t\t<div class=\"elementor-widget-wrap elementor-element-populated\">\n\t\t\t\t\t\t<div class=\"elementor-element elementor-element-88363dc color-scheme-inherit text-left elementor-widget elementor-widget-text-editor\" data-id=\"88363dc\" data-element_type=\"widget\" data-e-type=\"widget\" data-widget_type=\"text-editor.default\">\n\t\t\t\t<div class=\"elementor-widget-container\">\n\t\t\t\t\t\t\t\t\t<h2 class=\"has-heading-4-font-size\">Informaci\u00f3n sobre cookies<\/h2>\nLas cookies y otras tecnolog\u00edas similares tales como local shared objects, flash cookies o p\u00edxeles, son herramientas empleadas por los servidores Web para almacenar y recuperar informaci\u00f3n acerca de sus visitantes, as\u00ed como para ofrecer un correcto funcionamiento del sitio.\n\nMediante el uso de estos dispositivos se permite al servidor Web recordar algunos datos concernientes al usuario, como sus preferencias para la visualizaci\u00f3n de las p\u00e1ginas de ese servidor, nombre y contrase\u00f1a, productos que m\u00e1s le interesan, etc.\n<h2 class=\"has-heading-4-font-size\">Cookies afectadas por la normativa y cookies exceptuadas<\/h2>\nConforme con la Ley 34\/2002, de 11 de julio, de servicios de la sociedad de la informaci\u00f3n y de comercio electr\u00f3nico (LSSI), en relaci\u00f3n con el Reglamento (UE) 2016\/679 del Parlamento Europeo y del Consejo, de 27 de abril de 2016, General de Protecci\u00f3n de Datos (GDPR) y la Ley Org\u00e1nica 3\/2018, de 5 de diciembre, de Protecci\u00f3n de Datos y Garant\u00eda de los Derechos Digitales (LOPDGDD), es obligado obtener el consentimiento expreso del usuario de todas las p\u00e1ginas web que usan cookies prescindibles, antes de que este navegue por ellas.\n\nSeg\u00fan la directiva de la UE, las cookies que requieren el consentimiento informado por parte del usuario son las cookies de anal\u00edtica y las de publicidad y afiliaci\u00f3n, quedando exceptuadas las de car\u00e1cter t\u00e9cnico y las necesarias para el funcionamiento del sitio web o la prestaci\u00f3n de servicios expresamente solicitados por el usuario.\n<h2>Tipos de cookies<\/h2>\n<h3 class=\"has-heading-4-font-size\">Seg\u00fan finalidad<\/h3>\n<strong>\u2022 Cookies t\u00e9cnicas y funcionales:<\/strong>\u00a0son aquellas que permiten al usuario la navegaci\u00f3n a trav\u00e9s de una p\u00e1gina web, plataforma o aplicaci\u00f3n y la utilizaci\u00f3n de las diferentes opciones o servicios que en ella existan.\n<strong>\u2022 Cookies anal\u00edticas:<\/strong>\u00a0son aquellas que permiten al responsable de las mismas el seguimiento y an\u00e1lisis del comportamiento de los usuarios de los sitios web a los que est\u00e1n vinculadas. La informaci\u00f3n recogida mediante este tipo de cookies se utiliza en la medici\u00f3n de la actividad de los sitios web, aplicaci\u00f3n o plataforma y para la elaboraci\u00f3n de perfiles de navegaci\u00f3n de los usuarios de dichos sitios, aplicaciones y plataformas, con el fin de introducir mejoras en funci\u00f3n del an\u00e1lisis de los datos de uso que hacen los usuarios del servicio.\n<h3 class=\"has-heading-4-font-size\">Seg\u00fan la propiedad<\/h3>\n<strong>\u2022 Cookies propias:<\/strong>\u00a0son aquellas que se env\u00edan al equipo terminal del usuario desde un equipo o dominio gestionado por el propio editor y desde el que se presta el servicio solicitado por el usuario.\n<strong>\u2022 Cookies de terceros:<\/strong>\u00a0son aquellas que se env\u00edan al equipo terminal del usuario desde un equipo o dominio que no es gestionado por el editor, sino por otra entidad que trata los datos obtenidos trav\u00e9s de las cookies.\n<h3 class=\"has-heading-4-font-size\">Seg\u00fan el plazo de conservaci\u00f3n<\/h3>\n<strong>\u2022 Cookies de sesi\u00f3n:<\/strong>\u00a0son un tipo de cookies dise\u00f1adas para recabar y almacenar datos mientras el usuario accede a una p\u00e1gina web.\n<strong>\u2022 Cookies persistentes:<\/strong>\u00a0son un tipo de cookies en el que los datos siguen almacenados en el terminal y pueden ser accedidos y tratados durante un per\u00edodo definido por el responsable de la cookie, y que puede ir de unos minutos a varios a\u00f1os.\n<h2 class=\"has-heading-4-font-size\">Tratamiento de datos personales<\/h2>\n<strong>HERSTERA GARDEN, S.L.<\/strong>\u00a0es el\u00a0<strong>Responsable del tratamiento<\/strong>\u00a0de los datos personales del Interesado y le informa de que estos datos ser\u00e1n tratados de conformidad con lo dispuesto en el Reglamento (UE) 2016\/679, de 27 de abril de 2016 (GDPR), por lo que se le facilita la siguiente informaci\u00f3n del tratamiento:\n\n<strong>Fines del tratamiento:<\/strong>\u00a0seg\u00fan se especifica en el apartado de cookies que se utilizan en este sitio web.\n<strong>Legitimaci\u00f3n del tratamiento:<\/strong>\u00a0por consentimiento del interesado (art. 6.1 GDPR).\n<strong>Criterios de conservaci\u00f3n de los datos:<\/strong>\u00a0seg\u00fan se especifica en el apartado de cookies utilizadas en la web.\n<strong>Comunicaci\u00f3n de los datos:\u00a0<\/strong>no se comunicar\u00e1n los datos a terceros, excepto en cookies propiedad de terceros o por obligaci\u00f3n legal.\n<strong>Derechos que asisten al Interesado:<\/strong>\n\u2013 Derecho a retirar el consentimiento en cualquier momento.\n\u2013 Derecho de acceso, rectificaci\u00f3n, portabilidad y supresi\u00f3n de sus datos y a la limitaci\u00f3n u oposici\u00f3n a su tratamiento.\n\u2013 Derecho a presentar una reclamaci\u00f3n ante la Autoridad de control (www.aepd.es) si considera que el tratamiento no se ajusta a la normativa vigente.\n\n<strong>Datos de contacto para ejercer sus derechos:<\/strong>\nHERSTERA GARDEN, S.L..\nCL CONCA DE BARBERA (POL.IND. PLA BRUGUERA), 14-16 \u2013 08211\nCASTELLAR DEL VALL\u00c8S (Barcelona).\nE-mail:\u00a0<a href=\"mailto:info@hersteragarden.com\">info@hersteragarden.com<\/a>\n<h2 class=\"has-heading-4-font-size\">COOKIES UTILIZADAS EN ESTE SITIO WEB<\/h2>\nObtener m\u00e1s informaci\u00f3n para deshabilitar las cookies de Google Analytics:\n\u2022\u00a0<a href=\"https:\/\/policies.google.com\/technologies\/cookies#managing-cookies\">Pol\u00edtica de privacidad de Google<\/a>\n\u2022\u00a0<a href=\"https:\/\/support.google.com\/analytics\/answer\/181881?hl=es\">Exclusi\u00f3n de Google Analytics<\/a>\n<h4 class=\"has-heading-4-font-size\">C\u00d3MO ELIMINAR LAS COOKIES DE LOS NAVEGADORES M\u00c1S COMUNES<\/h4>\nChrome:\u00a0<a href=\"http:\/\/support.google.com\/chrome\/answer\/95647?hl=es\">http:\/\/support.google.com\/chrome\/answer\/95647?hl=es<\/a>\nInternet Explorer. Versi\u00f3n 11:\u00a0<a href=\"https:\/\/support.microsoft.com\/es-es\/help\/278835\/how-to-delete-cookie-files-in-internet-explorer\">https:\/\/support.microsoft.com\/es-es\/help\/278835\/how-to-delete-cookie-files-in-internet-explorer<\/a>\nFirefox. Versi\u00f3n 65.0.1\u00a0<a href=\"https:\/\/www.mozilla.org\/es-ES\/privacy\/websites\/#cookies\">https:\/\/www.mozilla.org\/es-ES\/privacy\/websites\/#cookies<\/a>\nSafari Versi\u00f3n 5.1\u00a0<a href=\"https:\/\/support.apple.com\/es-es\/guide\/safari\/sfri11471\/mac\">https:\/\/support.apple.com\/es-es\/guide\/safari\/sfri11471\/mac<\/a>\nOpera\u00a0<a href=\"https:\/\/help.opera.com\/en\/latest\/security-and-privacy\/#clearBrowsingData\">https:\/\/help.opera.com\/en\/latest\/security-and-privacy\/#clearBrowsingData<\/a>\t\t\t\t\t\t\t\t<\/div>\n\t\t\t\t<\/div>\n\t\t\t\t\t<\/div>\n\t\t<\/div>\n\t\t\t\t\t<\/div>\n\t\t<\/section>\n\t\t\t\t<\/div>\n\t\t","protected":false},"excerpt":{"rendered":"<p>Informaci\u00f3n sobre cookies Las cookies y otras tecnolog\u00edas similares tales como local shared objects, flash cookies o p\u00edxeles, son herramientas<\/p>\n","protected":false},"author":13280,"featured_media":0,"parent":0,"menu_order":0,"comment_status":"closed","ping_status":"closed","template":"","meta":{"_acf_changed":false,"footnotes":""},"class_list":["post-10101","page","type-page","status-publish","hentry"],"acf":[],"yoast_head":"<!-- This site is optimized with the Yoast SEO plugin v27.2 - https:\/\/yoast.com\/product\/yoast-seo-wordpress\/ -->\n<title>Pol\u00edtica de cookies - Herstera<\/title>\n<meta name=\"robots\" content=\"noindex, nofollow\" \/>\n<meta property=\"og:locale\" content=\"es_ES\" \/>\n<meta property=\"og:type\" content=\"article\" \/>\n<meta property=\"og:title\" content=\"Pol\u00edtica de cookies - Herstera\" \/>\n<meta property=\"og:description\" content=\"Informaci\u00f3n sobre cookies Las cookies y otras tecnolog\u00edas similares tales como local shared objects, flash cookies o p\u00edxeles, son herramientas\" \/>\n<meta property=\"og:url\" content=\"https:\/\/hersteragarden.com\/shop\/politica-de-cookies\/\" \/>\n<meta property=\"og:site_name\" content=\"Herstera\" \/>\n<meta property=\"article:publisher\" content=\"https:\/\/www.facebook.com\/p\/Herstera-Garden-SL-100069356703579\/?locale=es_ES\" \/>\n<meta property=\"article:modified_time\" content=\"2025-06-16T14:28:08+00:00\" \/>\n<meta name=\"twitter:card\" content=\"summary_large_image\" \/>\n<meta name=\"twitter:label1\" content=\"Tiempo de lectura\" \/>\n\t<meta name=\"twitter:data1\" content=\"4 minutos\" \/>\n<script type=\"application\/ld+json\" class=\"yoast-schema-graph\">{\"@context\":\"https:\/\/schema.org\",\"@graph\":[{\"@type\":\"WebPage\",\"@id\":\"https:\/\/hersteragarden.com\/shop\/politica-de-cookies\/\",\"url\":\"https:\/\/hersteragarden.com\/shop\/politica-de-cookies\/\",\"name\":\"Pol\u00edtica de cookies - Herstera\",\"isPartOf\":{\"@id\":\"https:\/\/hersteragarden.com\/shop\/#website\"},\"datePublished\":\"2023-05-17T13:19:24+00:00\",\"dateModified\":\"2025-06-16T14:28:08+00:00\",\"breadcrumb\":{\"@id\":\"https:\/\/hersteragarden.com\/shop\/politica-de-cookies\/#breadcrumb\"},\"inLanguage\":\"es\",\"potentialAction\":[{\"@type\":\"ReadAction\",\"target\":[\"https:\/\/hersteragarden.com\/shop\/politica-de-cookies\/\"]}]},{\"@type\":\"BreadcrumbList\",\"@id\":\"https:\/\/hersteragarden.com\/shop\/politica-de-cookies\/#breadcrumb\",\"itemListElement\":[{\"@type\":\"ListItem\",\"position\":1,\"name\":\"Portada\",\"item\":\"https:\/\/hersteragarden.com\/shop\/\"},{\"@type\":\"ListItem\",\"position\":2,\"name\":\"Pol\u00edtica de cookies\"}]},{\"@type\":\"WebSite\",\"@id\":\"https:\/\/hersteragarden.com\/shop\/#website\",\"url\":\"https:\/\/hersteragarden.com\/shop\/\",\"name\":\"Herstera\",\"description\":\"Passion for pottery\",\"publisher\":{\"@id\":\"https:\/\/hersteragarden.com\/shop\/#organization\"},\"potentialAction\":[{\"@type\":\"SearchAction\",\"target\":{\"@type\":\"EntryPoint\",\"urlTemplate\":\"https:\/\/hersteragarden.com\/shop\/?s={search_term_string}\"},\"query-input\":{\"@type\":\"PropertyValueSpecification\",\"valueRequired\":true,\"valueName\":\"search_term_string\"}}],\"inLanguage\":\"es\"},{\"@type\":\"Organization\",\"@id\":\"https:\/\/hersteragarden.com\/shop\/#organization\",\"name\":\"Herstera\",\"url\":\"https:\/\/hersteragarden.com\/shop\/\",\"logo\":{\"@type\":\"ImageObject\",\"inLanguage\":\"es\",\"@id\":\"https:\/\/hersteragarden.com\/shop\/#\/schema\/logo\/image\/\",\"url\":\"https:\/\/hersteragarden.com\/shop\/wp-content\/uploads\/2023\/03\/herstera-logo-1.svg\",\"contentUrl\":\"https:\/\/hersteragarden.com\/shop\/wp-content\/uploads\/2023\/03\/herstera-logo-1.svg\",\"width\":100,\"height\":100,\"caption\":\"Herstera\"},\"image\":{\"@id\":\"https:\/\/hersteragarden.com\/shop\/#\/schema\/logo\/image\/\"},\"sameAs\":[\"https:\/\/www.facebook.com\/p\/Herstera-Garden-SL-100069356703579\/?locale=es_ES\"]}]}<\/script>\n<!-- \/ Yoast SEO plugin. -->","yoast_head_json":{"title":"Pol\u00edtica de cookies - Herstera","robots":{"index":"noindex","follow":"nofollow"},"og_locale":"es_ES","og_type":"article","og_title":"Pol\u00edtica de cookies - Herstera","og_description":"Informaci\u00f3n sobre cookies Las cookies y otras tecnolog\u00edas similares tales como local shared objects, flash cookies o p\u00edxeles, son herramientas","og_url":"https:\/\/hersteragarden.com\/shop\/politica-de-cookies\/","og_site_name":"Herstera","article_publisher":"https:\/\/www.facebook.com\/p\/Herstera-Garden-SL-100069356703579\/?locale=es_ES","article_modified_time":"2025-06-16T14:28:08+00:00","twitter_card":"summary_large_image","twitter_misc":{"Tiempo de lectura":"4 minutos"},"schema":{"@context":"https:\/\/schema.org","@graph":[{"@type":"WebPage","@id":"https:\/\/hersteragarden.com\/shop\/politica-de-cookies\/","url":"https:\/\/hersteragarden.com\/shop\/politica-de-cookies\/","name":"Pol\u00edtica de cookies - Herstera","isPartOf":{"@id":"https:\/\/hersteragarden.com\/shop\/#website"},"datePublished":"2023-05-17T13:19:24+00:00","dateModified":"2025-06-16T14:28:08+00:00","breadcrumb":{"@id":"https:\/\/hersteragarden.com\/shop\/politica-de-cookies\/#breadcrumb"},"inLanguage":"es","potentialAction":[{"@type":"ReadAction","target":["https:\/\/hersteragarden.com\/shop\/politica-de-cookies\/"]}]},{"@type":"BreadcrumbList","@id":"https:\/\/hersteragarden.com\/shop\/politica-de-cookies\/#breadcrumb","itemListElement":[{"@type":"ListItem","position":1,"name":"Portada","item":"https:\/\/hersteragarden.com\/shop\/"},{"@type":"ListItem","position":2,"name":"Pol\u00edtica de cookies"}]},{"@type":"WebSite","@id":"https:\/\/hersteragarden.com\/shop\/#website","url":"https:\/\/hersteragarden.com\/shop\/","name":"Herstera","description":"Passion for pottery","publisher":{"@id":"https:\/\/hersteragarden.com\/shop\/#organization"},"potentialAction":[{"@type":"SearchAction","target":{"@type":"EntryPoint","urlTemplate":"https:\/\/hersteragarden.com\/shop\/?s={search_term_string}"},"query-input":{"@type":"PropertyValueSpecification","valueRequired":true,"valueName":"search_term_string"}}],"inLanguage":"es"},{"@type":"Organization","@id":"https:\/\/hersteragarden.com\/shop\/#organization","name":"Herstera","url":"https:\/\/hersteragarden.com\/shop\/","logo":{"@type":"ImageObject","inLanguage":"es","@id":"https:\/\/hersteragarden.com\/shop\/#\/schema\/logo\/image\/","url":"https:\/\/hersteragarden.com\/shop\/wp-content\/uploads\/2023\/03\/herstera-logo-1.svg","contentUrl":"https:\/\/hersteragarden.com\/shop\/wp-content\/uploads\/2023\/03\/herstera-logo-1.svg","width":100,"height":100,"caption":"Herstera"},"image":{"@id":"https:\/\/hersteragarden.com\/shop\/#\/schema\/logo\/image\/"},"sameAs":["https:\/\/www.facebook.com\/p\/Herstera-Garden-SL-100069356703579\/?locale=es_ES"]}]}},"_links":{"self":[{"href":"https:\/\/hersteragarden.com\/shop\/wp-json\/wp\/v2\/pages\/10101","targetHints":{"allow":["GET"]}}],"collection":[{"href":"https:\/\/hersteragarden.com\/shop\/wp-json\/wp\/v2\/pages"}],"about":[{"href":"https:\/\/hersteragarden.com\/shop\/wp-json\/wp\/v2\/types\/page"}],"author":[{"embeddable":true,"href":"https:\/\/hersteragarden.com\/shop\/wp-json\/wp\/v2\/users\/13280"}],"replies":[{"embeddable":true,"href":"https:\/\/hersteragarden.com\/shop\/wp-json\/wp\/v2\/comments?post=10101"}],"version-history":[{"count":0,"href":"https:\/\/hersteragarden.com\/shop\/wp-json\/wp\/v2\/pages\/10101\/revisions"}],"wp:attachment":[{"href":"https:\/\/hersteragarden.com\/shop\/wp-json\/wp\/v2\/media?parent=10101"}],"curies":[{"name":"wp","href":"https:\/\/api.w.org\/{rel}","templated":true}]}}