{"id":5211,"date":"2022-03-17T14:25:57","date_gmt":"2022-03-17T14:25:57","guid":{"rendered":"https:\/\/hersteragarden.com\/producto\/copas\/"},"modified":"2023-01-26T12:57:46","modified_gmt":"2023-01-26T11:57:46","slug":"tasses","status":"publish","type":"product","link":"https:\/\/hersteragarden.com\/fr\/producto\/tasses\/","title":{"rendered":"Tasses"},"content":{"rendered":"<p>Beaut\u00e9 et \u00e9l\u00e9gance intemporelle<\/p>\n","protected":false},"excerpt":{"rendered":"<p>Beaut\u00e9 et \u00e9l\u00e9gance intemporelle <span class=\"more-symbol\">[&#8230;]<\/span><\/p>\n","protected":false},"featured_media":3672,"comment_status":"open","ping_status":"closed","template":"","meta":{"inline_featured_image":false},"product_cat":[155],"product_tag":[],"class_list":["post-5211","product","type-product","status-publish","has-post-thumbnail","hentry","product_cat-accesorios-jardin-fr"],"yoast_head":"<!-- This site is optimized with the Yoast SEO plugin v21.5 - https:\/\/yoast.com\/wordpress\/plugins\/seo\/ -->\n<title>Tasses - hersteragarden.com<\/title>\n<meta name=\"robots\" content=\"index, follow, max-snippet:-1, max-image-preview:large, max-video-preview:-1\" \/>\n<link rel=\"canonical\" href=\"https:\/\/hersteragarden.com\/fr\/producto\/tasses\/\" \/>\n<meta property=\"og:locale\" content=\"fr_FR\" \/>\n<meta property=\"og:type\" content=\"article\" \/>\n<meta property=\"og:title\" content=\"Tasses - hersteragarden.com\" \/>\n<meta property=\"og:description\" content=\"Beaut\u00e9 et \u00e9l\u00e9gance intemporelle [...]\" \/>\n<meta property=\"og:url\" content=\"https:\/\/hersteragarden.com\/fr\/producto\/tasses\/\" \/>\n<meta property=\"og:site_name\" content=\"hersteragarden.com\" \/>\n<meta property=\"article:modified_time\" content=\"2023-01-26T11:57:46+00:00\" \/>\n<meta property=\"og:image\" content=\"https:\/\/hersteragarden.com\/wp-content\/uploads\/2022\/03\/producto-accesorios-miniatura-copas.jpg\" \/>\n\t<meta property=\"og:image:width\" content=\"540\" \/>\n\t<meta property=\"og:image:height\" content=\"690\" \/>\n\t<meta property=\"og:image:type\" content=\"image\/jpeg\" \/>\n<meta name=\"twitter:card\" content=\"summary_large_image\" \/>\n<script type=\"application\/ld+json\" class=\"yoast-schema-graph\">{\"@context\":\"https:\/\/schema.org\",\"@graph\":[{\"@type\":\"WebPage\",\"@id\":\"https:\/\/hersteragarden.com\/fr\/producto\/tasses\/\",\"url\":\"https:\/\/hersteragarden.com\/fr\/producto\/tasses\/\",\"name\":\"Tasses - hersteragarden.com\",\"isPartOf\":{\"@id\":\"https:\/\/hersteragarden.com\/fr\/#website\"},\"datePublished\":\"2022-03-17T14:25:57+00:00\",\"dateModified\":\"2023-01-26T11:57:46+00:00\",\"breadcrumb\":{\"@id\":\"https:\/\/hersteragarden.com\/fr\/producto\/tasses\/#breadcrumb\"},\"inLanguage\":\"fr-FR\",\"potentialAction\":[{\"@type\":\"ReadAction\",\"target\":[\"https:\/\/hersteragarden.com\/fr\/producto\/tasses\/\"]}]},{\"@type\":\"BreadcrumbList\",\"@id\":\"https:\/\/hersteragarden.com\/fr\/producto\/tasses\/#breadcrumb\",\"itemListElement\":[{\"@type\":\"ListItem\",\"position\":1,\"name\":\"Portada\",\"item\":\"https:\/\/hersteragarden.com\/fr\/\"},{\"@type\":\"ListItem\",\"position\":2,\"name\":\"Products\",\"item\":\"https:\/\/hersteragarden.com\/fr\/shop\/\"},{\"@type\":\"ListItem\",\"position\":3,\"name\":\"Tasses\"}]},{\"@type\":\"WebSite\",\"@id\":\"https:\/\/hersteragarden.com\/fr\/#website\",\"url\":\"https:\/\/hersteragarden.com\/fr\/\",\"name\":\"hersteragarden.com\",\"description\":\"Passion for pottery\",\"publisher\":{\"@id\":\"https:\/\/hersteragarden.com\/fr\/#organization\"},\"potentialAction\":[{\"@type\":\"SearchAction\",\"target\":{\"@type\":\"EntryPoint\",\"urlTemplate\":\"https:\/\/hersteragarden.com\/fr\/?s={search_term_string}\"},\"query-input\":\"required name=search_term_string\"}],\"inLanguage\":\"fr-FR\"},{\"@type\":\"Organization\",\"@id\":\"https:\/\/hersteragarden.com\/fr\/#organization\",\"name\":\"hersteragarden.com\",\"url\":\"https:\/\/hersteragarden.com\/fr\/\",\"logo\":{\"@type\":\"ImageObject\",\"inLanguage\":\"fr-FR\",\"@id\":\"https:\/\/hersteragarden.com\/fr\/#\/schema\/logo\/image\/\",\"url\":\"https:\/\/hersteragarden.com\/wp-content\/uploads\/2022\/02\/logo.svg\",\"contentUrl\":\"https:\/\/hersteragarden.com\/wp-content\/uploads\/2022\/02\/logo.svg\",\"width\":100,\"height\":100,\"caption\":\"hersteragarden.com\"},\"image\":{\"@id\":\"https:\/\/hersteragarden.com\/fr\/#\/schema\/logo\/image\/\"}}]}<\/script>\n<!-- \/ Yoast SEO plugin. -->","yoast_head_json":{"title":"Tasses - hersteragarden.com","robots":{"index":"index","follow":"follow","max-snippet":"max-snippet:-1","max-image-preview":"max-image-preview:large","max-video-preview":"max-video-preview:-1"},"canonical":"https:\/\/hersteragarden.com\/fr\/producto\/tasses\/","og_locale":"fr_FR","og_type":"article","og_title":"Tasses - hersteragarden.com","og_description":"Beaut\u00e9 et \u00e9l\u00e9gance intemporelle [...]","og_url":"https:\/\/hersteragarden.com\/fr\/producto\/tasses\/","og_site_name":"hersteragarden.com","article_modified_time":"2023-01-26T11:57:46+00:00","og_image":[{"width":540,"height":690,"url":"https:\/\/hersteragarden.com\/wp-content\/uploads\/2022\/03\/producto-accesorios-miniatura-copas.jpg","type":"image\/jpeg"}],"twitter_card":"summary_large_image","schema":{"@context":"https:\/\/schema.org","@graph":[{"@type":"WebPage","@id":"https:\/\/hersteragarden.com\/fr\/producto\/tasses\/","url":"https:\/\/hersteragarden.com\/fr\/producto\/tasses\/","name":"Tasses - hersteragarden.com","isPartOf":{"@id":"https:\/\/hersteragarden.com\/fr\/#website"},"datePublished":"2022-03-17T14:25:57+00:00","dateModified":"2023-01-26T11:57:46+00:00","breadcrumb":{"@id":"https:\/\/hersteragarden.com\/fr\/producto\/tasses\/#breadcrumb"},"inLanguage":"fr-FR","potentialAction":[{"@type":"ReadAction","target":["https:\/\/hersteragarden.com\/fr\/producto\/tasses\/"]}]},{"@type":"BreadcrumbList","@id":"https:\/\/hersteragarden.com\/fr\/producto\/tasses\/#breadcrumb","itemListElement":[{"@type":"ListItem","position":1,"name":"Portada","item":"https:\/\/hersteragarden.com\/fr\/"},{"@type":"ListItem","position":2,"name":"Products","item":"https:\/\/hersteragarden.com\/fr\/shop\/"},{"@type":"ListItem","position":3,"name":"Tasses"}]},{"@type":"WebSite","@id":"https:\/\/hersteragarden.com\/fr\/#website","url":"https:\/\/hersteragarden.com\/fr\/","name":"hersteragarden.com","description":"Passion for pottery","publisher":{"@id":"https:\/\/hersteragarden.com\/fr\/#organization"},"potentialAction":[{"@type":"SearchAction","target":{"@type":"EntryPoint","urlTemplate":"https:\/\/hersteragarden.com\/fr\/?s={search_term_string}"},"query-input":"required name=search_term_string"}],"inLanguage":"fr-FR"},{"@type":"Organization","@id":"https:\/\/hersteragarden.com\/fr\/#organization","name":"hersteragarden.com","url":"https:\/\/hersteragarden.com\/fr\/","logo":{"@type":"ImageObject","inLanguage":"fr-FR","@id":"https:\/\/hersteragarden.com\/fr\/#\/schema\/logo\/image\/","url":"https:\/\/hersteragarden.com\/wp-content\/uploads\/2022\/02\/logo.svg","contentUrl":"https:\/\/hersteragarden.com\/wp-content\/uploads\/2022\/02\/logo.svg","width":100,"height":100,"caption":"hersteragarden.com"},"image":{"@id":"https:\/\/hersteragarden.com\/fr\/#\/schema\/logo\/image\/"}}]}},"_links":{"self":[{"href":"https:\/\/hersteragarden.com\/fr\/wp-json\/wp\/v2\/product\/5211","targetHints":{"allow":["GET"]}}],"collection":[{"href":"https:\/\/hersteragarden.com\/fr\/wp-json\/wp\/v2\/product"}],"about":[{"href":"https:\/\/hersteragarden.com\/fr\/wp-json\/wp\/v2\/types\/product"}],"replies":[{"embeddable":true,"href":"https:\/\/hersteragarden.com\/fr\/wp-json\/wp\/v2\/comments?post=5211"}],"wp:featuredmedia":[{"embeddable":true,"href":"https:\/\/hersteragarden.com\/fr\/wp-json\/wp\/v2\/media\/3672"}],"wp:attachment":[{"href":"https:\/\/hersteragarden.com\/fr\/wp-json\/wp\/v2\/media?parent=5211"}],"wp:term":[{"taxonomy":"product_cat","embeddable":true,"href":"https:\/\/hersteragarden.com\/fr\/wp-json\/wp\/v2\/product_cat?post=5211"},{"taxonomy":"product_tag","embeddable":true,"href":"https:\/\/hersteragarden.com\/fr\/wp-json\/wp\/v2\/product_tag?post=5211"}],"curies":[{"name":"wp","href":"https:\/\/api.w.org\/{rel}","templated":true}]}}