{"id":5088,"date":"2022-06-01T08:40:45","date_gmt":"2022-06-01T08:40:45","guid":{"rendered":"https:\/\/hersteragarden.com\/producto\/regaderas-pulverizadores\/"},"modified":"2023-01-26T13:16:58","modified_gmt":"2023-01-26T12:16:58","slug":"arrosoirs-pulverisateurs","status":"publish","type":"product","link":"https:\/\/hersteragarden.com\/fr\/producto\/arrosoirs-pulverisateurs\/","title":{"rendered":"Arrosoirs et pulv\u00e9risateurs"},"content":{"rendered":"<p>Arrosoirs, pulv\u00e9risateurs \u00e0 pression, pulv\u00e9risateurs \u00e0 dos et pulv\u00e9risateurs sur roues<\/p>\n","protected":false},"excerpt":{"rendered":"<p>Arrosoirs, pulv\u00e9risateurs \u00e0 pression, pulv\u00e9risateurs \u00e0 dos et pulv\u00e9risateurs sur roues <span class=\"more-symbol\">[&#8230;]<\/span><\/p>\n","protected":false},"featured_media":4146,"comment_status":"open","ping_status":"closed","template":"","meta":{"inline_featured_image":false},"product_cat":[133],"product_tag":[],"class_list":["post-5088","product","type-product","status-publish","has-post-thumbnail","hentry","product_cat-productos-tecnicos-fr"],"yoast_head":"<!-- This site is optimized with the Yoast SEO plugin v21.5 - https:\/\/yoast.com\/wordpress\/plugins\/seo\/ -->\n<title>Arrosoirs et pulv\u00e9risateurs - hersteragarden.com<\/title>\n<meta name=\"robots\" content=\"index, follow, max-snippet:-1, max-image-preview:large, max-video-preview:-1\" \/>\n<link rel=\"canonical\" href=\"https:\/\/hersteragarden.com\/fr\/producto\/arrosoirs-pulverisateurs\/\" \/>\n<meta property=\"og:locale\" content=\"fr_FR\" \/>\n<meta property=\"og:type\" content=\"article\" \/>\n<meta property=\"og:title\" content=\"Arrosoirs et pulv\u00e9risateurs - hersteragarden.com\" \/>\n<meta property=\"og:description\" content=\"Arrosoirs, pulv\u00e9risateurs \u00e0 pression, pulv\u00e9risateurs \u00e0 dos et pulv\u00e9risateurs sur roues [...]\" \/>\n<meta property=\"og:url\" content=\"https:\/\/hersteragarden.com\/fr\/producto\/arrosoirs-pulverisateurs\/\" \/>\n<meta property=\"og:site_name\" content=\"hersteragarden.com\" \/>\n<meta property=\"article:modified_time\" content=\"2023-01-26T12:16:58+00:00\" \/>\n<meta property=\"og:image\" content=\"https:\/\/hersteragarden.com\/wp-content\/uploads\/2022\/06\/producto-technic-miniatura-regaderas.jpg\" \/>\n\t<meta property=\"og:image:width\" content=\"540\" \/>\n\t<meta property=\"og:image:height\" content=\"690\" \/>\n\t<meta property=\"og:image:type\" content=\"image\/jpeg\" \/>\n<meta name=\"twitter:card\" content=\"summary_large_image\" \/>\n<meta name=\"twitter:label1\" content=\"Dur\u00e9e de lecture estim\u00e9e\" \/>\n\t<meta name=\"twitter:data1\" content=\"1 minute\" \/>\n<script type=\"application\/ld+json\" class=\"yoast-schema-graph\">{\"@context\":\"https:\/\/schema.org\",\"@graph\":[{\"@type\":\"WebPage\",\"@id\":\"https:\/\/hersteragarden.com\/fr\/producto\/arrosoirs-pulverisateurs\/\",\"url\":\"https:\/\/hersteragarden.com\/fr\/producto\/arrosoirs-pulverisateurs\/\",\"name\":\"Arrosoirs et pulv\u00e9risateurs - hersteragarden.com\",\"isPartOf\":{\"@id\":\"https:\/\/hersteragarden.com\/fr\/#website\"},\"datePublished\":\"2022-06-01T08:40:45+00:00\",\"dateModified\":\"2023-01-26T12:16:58+00:00\",\"breadcrumb\":{\"@id\":\"https:\/\/hersteragarden.com\/fr\/producto\/arrosoirs-pulverisateurs\/#breadcrumb\"},\"inLanguage\":\"fr-FR\",\"potentialAction\":[{\"@type\":\"ReadAction\",\"target\":[\"https:\/\/hersteragarden.com\/fr\/producto\/arrosoirs-pulverisateurs\/\"]}]},{\"@type\":\"BreadcrumbList\",\"@id\":\"https:\/\/hersteragarden.com\/fr\/producto\/arrosoirs-pulverisateurs\/#breadcrumb\",\"itemListElement\":[{\"@type\":\"ListItem\",\"position\":1,\"name\":\"Portada\",\"item\":\"https:\/\/hersteragarden.com\/fr\/\"},{\"@type\":\"ListItem\",\"position\":2,\"name\":\"Products\",\"item\":\"https:\/\/hersteragarden.com\/fr\/shop\/\"},{\"@type\":\"ListItem\",\"position\":3,\"name\":\"Arrosoirs et pulv\u00e9risateurs\"}]},{\"@type\":\"WebSite\",\"@id\":\"https:\/\/hersteragarden.com\/fr\/#website\",\"url\":\"https:\/\/hersteragarden.com\/fr\/\",\"name\":\"hersteragarden.com\",\"description\":\"Passion for pottery\",\"publisher\":{\"@id\":\"https:\/\/hersteragarden.com\/fr\/#organization\"},\"potentialAction\":[{\"@type\":\"SearchAction\",\"target\":{\"@type\":\"EntryPoint\",\"urlTemplate\":\"https:\/\/hersteragarden.com\/fr\/?s={search_term_string}\"},\"query-input\":\"required name=search_term_string\"}],\"inLanguage\":\"fr-FR\"},{\"@type\":\"Organization\",\"@id\":\"https:\/\/hersteragarden.com\/fr\/#organization\",\"name\":\"hersteragarden.com\",\"url\":\"https:\/\/hersteragarden.com\/fr\/\",\"logo\":{\"@type\":\"ImageObject\",\"inLanguage\":\"fr-FR\",\"@id\":\"https:\/\/hersteragarden.com\/fr\/#\/schema\/logo\/image\/\",\"url\":\"https:\/\/hersteragarden.com\/wp-content\/uploads\/2022\/02\/logo.svg\",\"contentUrl\":\"https:\/\/hersteragarden.com\/wp-content\/uploads\/2022\/02\/logo.svg\",\"width\":100,\"height\":100,\"caption\":\"hersteragarden.com\"},\"image\":{\"@id\":\"https:\/\/hersteragarden.com\/fr\/#\/schema\/logo\/image\/\"}}]}<\/script>\n<!-- \/ Yoast SEO plugin. -->","yoast_head_json":{"title":"Arrosoirs et pulv\u00e9risateurs - hersteragarden.com","robots":{"index":"index","follow":"follow","max-snippet":"max-snippet:-1","max-image-preview":"max-image-preview:large","max-video-preview":"max-video-preview:-1"},"canonical":"https:\/\/hersteragarden.com\/fr\/producto\/arrosoirs-pulverisateurs\/","og_locale":"fr_FR","og_type":"article","og_title":"Arrosoirs et pulv\u00e9risateurs - hersteragarden.com","og_description":"Arrosoirs, pulv\u00e9risateurs \u00e0 pression, pulv\u00e9risateurs \u00e0 dos et pulv\u00e9risateurs sur roues [...]","og_url":"https:\/\/hersteragarden.com\/fr\/producto\/arrosoirs-pulverisateurs\/","og_site_name":"hersteragarden.com","article_modified_time":"2023-01-26T12:16:58+00:00","og_image":[{"width":540,"height":690,"url":"https:\/\/hersteragarden.com\/wp-content\/uploads\/2022\/06\/producto-technic-miniatura-regaderas.jpg","type":"image\/jpeg"}],"twitter_card":"summary_large_image","twitter_misc":{"Dur\u00e9e de lecture estim\u00e9e":"1 minute"},"schema":{"@context":"https:\/\/schema.org","@graph":[{"@type":"WebPage","@id":"https:\/\/hersteragarden.com\/fr\/producto\/arrosoirs-pulverisateurs\/","url":"https:\/\/hersteragarden.com\/fr\/producto\/arrosoirs-pulverisateurs\/","name":"Arrosoirs et pulv\u00e9risateurs - hersteragarden.com","isPartOf":{"@id":"https:\/\/hersteragarden.com\/fr\/#website"},"datePublished":"2022-06-01T08:40:45+00:00","dateModified":"2023-01-26T12:16:58+00:00","breadcrumb":{"@id":"https:\/\/hersteragarden.com\/fr\/producto\/arrosoirs-pulverisateurs\/#breadcrumb"},"inLanguage":"fr-FR","potentialAction":[{"@type":"ReadAction","target":["https:\/\/hersteragarden.com\/fr\/producto\/arrosoirs-pulverisateurs\/"]}]},{"@type":"BreadcrumbList","@id":"https:\/\/hersteragarden.com\/fr\/producto\/arrosoirs-pulverisateurs\/#breadcrumb","itemListElement":[{"@type":"ListItem","position":1,"name":"Portada","item":"https:\/\/hersteragarden.com\/fr\/"},{"@type":"ListItem","position":2,"name":"Products","item":"https:\/\/hersteragarden.com\/fr\/shop\/"},{"@type":"ListItem","position":3,"name":"Arrosoirs et pulv\u00e9risateurs"}]},{"@type":"WebSite","@id":"https:\/\/hersteragarden.com\/fr\/#website","url":"https:\/\/hersteragarden.com\/fr\/","name":"hersteragarden.com","description":"Passion for pottery","publisher":{"@id":"https:\/\/hersteragarden.com\/fr\/#organization"},"potentialAction":[{"@type":"SearchAction","target":{"@type":"EntryPoint","urlTemplate":"https:\/\/hersteragarden.com\/fr\/?s={search_term_string}"},"query-input":"required name=search_term_string"}],"inLanguage":"fr-FR"},{"@type":"Organization","@id":"https:\/\/hersteragarden.com\/fr\/#organization","name":"hersteragarden.com","url":"https:\/\/hersteragarden.com\/fr\/","logo":{"@type":"ImageObject","inLanguage":"fr-FR","@id":"https:\/\/hersteragarden.com\/fr\/#\/schema\/logo\/image\/","url":"https:\/\/hersteragarden.com\/wp-content\/uploads\/2022\/02\/logo.svg","contentUrl":"https:\/\/hersteragarden.com\/wp-content\/uploads\/2022\/02\/logo.svg","width":100,"height":100,"caption":"hersteragarden.com"},"image":{"@id":"https:\/\/hersteragarden.com\/fr\/#\/schema\/logo\/image\/"}}]}},"_links":{"self":[{"href":"https:\/\/hersteragarden.com\/fr\/wp-json\/wp\/v2\/product\/5088","targetHints":{"allow":["GET"]}}],"collection":[{"href":"https:\/\/hersteragarden.com\/fr\/wp-json\/wp\/v2\/product"}],"about":[{"href":"https:\/\/hersteragarden.com\/fr\/wp-json\/wp\/v2\/types\/product"}],"replies":[{"embeddable":true,"href":"https:\/\/hersteragarden.com\/fr\/wp-json\/wp\/v2\/comments?post=5088"}],"wp:featuredmedia":[{"embeddable":true,"href":"https:\/\/hersteragarden.com\/fr\/wp-json\/wp\/v2\/media\/4146"}],"wp:attachment":[{"href":"https:\/\/hersteragarden.com\/fr\/wp-json\/wp\/v2\/media?parent=5088"}],"wp:term":[{"taxonomy":"product_cat","embeddable":true,"href":"https:\/\/hersteragarden.com\/fr\/wp-json\/wp\/v2\/product_cat?post=5088"},{"taxonomy":"product_tag","embeddable":true,"href":"https:\/\/hersteragarden.com\/fr\/wp-json\/wp\/v2\/product_tag?post=5088"}],"curies":[{"name":"wp","href":"https:\/\/api.w.org\/{rel}","templated":true}]}}