{"id":4812,"date":"2022-02-20T13:29:44","date_gmt":"2022-02-20T12:29:44","guid":{"rendered":"https:\/\/hersteragarden.com\/contact\/"},"modified":"2023-01-11T12:05:50","modified_gmt":"2023-01-11T11:05:50","slug":"contact","status":"publish","type":"page","link":"https:\/\/hersteragarden.com\/fr\/contact\/","title":{"rendered":"Contact"},"content":{"rendered":"<div class=\"wp-bootstrap-blocks-container container-fluid mb-0\">\n\t\n\n<div class=\"wp-block-group has-lm-background-color-background-color has-background\"><div class=\"wp-block-group__inner-container is-layout-flow wp-block-group-is-layout-flow\"><div class=\"wp-bootstrap-blocks-container container mb-0 contact-inline\">\n\t\n<div class=\"wp-bootstrap-blocks-row row\">\n\t\n\n<div class=\"col-12 col-md-3\">\n\t\t\t\n\n<h1 class=\"has-heading-small-font-size wp-block-heading\" style=\"font-style:normal;font-weight:500\">Contactez-nous<\/h1>\n\n\t<\/div>\n\n\n\n<div class=\"col-12 col-md-6\">\n\t\t\t\n\n<p><\/p>\n\n\n\n<div class=\"wp-block-contact-form-7-contact-form-selector\">\n<div class=\"wpcf7 no-js\" id=\"wpcf7-f5038-o1\" lang=\"fr-FR\" dir=\"ltr\">\n<div class=\"screen-reader-response\"><p role=\"status\" aria-live=\"polite\" aria-atomic=\"true\"><\/p> <ul><\/ul><\/div>\n<form action=\"\/fr\/wp-json\/wp\/v2\/pages\/4812#wpcf7-f5038-o1\" method=\"post\" class=\"wpcf7-form init\" aria-label=\"Formulaire de contact\" novalidate=\"novalidate\" data-status=\"init\">\n<div style=\"display: none;\">\n<input type=\"hidden\" name=\"_wpcf7\" value=\"5038\" \/>\n<input type=\"hidden\" name=\"_wpcf7_version\" value=\"5.8.2\" \/>\n<input type=\"hidden\" name=\"_wpcf7_locale\" value=\"fr_FR\" \/>\n<input type=\"hidden\" name=\"_wpcf7_unit_tag\" value=\"wpcf7-f5038-o1\" \/>\n<input type=\"hidden\" name=\"_wpcf7_container_post\" value=\"0\" \/>\n<input type=\"hidden\" name=\"_wpcf7_posted_data_hash\" value=\"\" \/>\n<input type=\"hidden\" name=\"_wpcf7_recaptcha_response\" value=\"\" \/>\n<\/div>\n<p><span class=\"wpcf7-form-control-wrap\" data-name=\"nombre\"><input size=\"40\" class=\"wpcf7-form-control wpcf7-text wpcf7-validates-as-required\" aria-required=\"true\" aria-invalid=\"false\" placeholder=\"Nom*\" value=\"\" type=\"text\" name=\"nombre\" \/><\/span><span class=\"wpcf7-form-control-wrap\" data-name=\"mail\"><input size=\"40\" class=\"wpcf7-form-control wpcf7-email wpcf7-validates-as-required wpcf7-text wpcf7-validates-as-email\" aria-required=\"true\" aria-invalid=\"false\" placeholder=\"Mail*\" value=\"\" type=\"email\" name=\"mail\" \/><\/span><span class=\"wpcf7-form-control-wrap\" data-name=\"telf\"><input size=\"40\" class=\"wpcf7-form-control wpcf7-tel wpcf7-validates-as-required wpcf7-text wpcf7-validates-as-tel\" aria-required=\"true\" aria-invalid=\"false\" placeholder=\"T\u00e9l\u00e9phone*\" value=\"\" type=\"tel\" name=\"telf\" \/><\/span><span class=\"wpcf7-form-control-wrap\" data-name=\"empresa\"><input size=\"40\" class=\"wpcf7-form-control wpcf7-text\" aria-invalid=\"false\" placeholder=\"Entreprise\" value=\"\" type=\"text\" name=\"empresa\" \/><\/span><span class=\"wpcf7-form-control-wrap\" data-name=\"your-select-company\"><select class=\"wpcf7-form-control wpcf7-select wpcf7-validates-as-required\" aria-required=\"true\" aria-invalid=\"false\" name=\"your-select-company\"><option value=\"\">Type d&#039;entreprise<\/option><option value=\"Garden\/ Jardinage\">Garden\/ Jardinage<\/option><option value=\"Fleuriste\">Fleuriste<\/option><option value=\"Vivero\">Vivero<\/option><option value=\"Centre de bricolage\">Centre de bricolage<\/option><option value=\"Architecture\">Architecture<\/option><option value=\"D\u00e9corateur\/Architecte d&#039;int\u00e9rieur\">D\u00e9corateur\/Architecte d&#039;int\u00e9rieur<\/option><option value=\"Paysagiste\">Paysagiste<\/option><option value=\"E-commerce\">E-commerce<\/option><option value=\"Autres\">Autres<\/option><\/select><\/span><span class=\"wpcf7-form-control-wrap\" data-name=\"provincia\"><input size=\"40\" class=\"wpcf7-form-control wpcf7-text\" aria-invalid=\"false\" placeholder=\"Province\" value=\"\" type=\"text\" name=\"provincia\" \/><\/span><span class=\"wpcf7-form-control-wrap\" data-name=\"pais\"><input size=\"40\" class=\"wpcf7-form-control wpcf7-text\" aria-invalid=\"false\" placeholder=\"Pays\" value=\"\" type=\"text\" name=\"pais\" \/><\/span><span class=\"wpcf7-form-control-wrap\" data-name=\"message\"><textarea cols=\"40\" rows=\"10\" class=\"wpcf7-form-control wpcf7-textarea\" aria-invalid=\"false\" placeholder=\"Comment pouvons-nous vous aider ?\" name=\"message\"><\/textarea><\/span><span class=\"wpcf7-form-control-wrap\" data-name=\"acceptance-235\"><span class=\"wpcf7-form-control wpcf7-acceptance\"><span class=\"wpcf7-list-item\"><label><input type=\"checkbox\" name=\"acceptance-235\" value=\"1\" aria-invalid=\"false\" \/><span class=\"wpcf7-list-item-label\">J'ai lu et j'accepte <a href=\"https:\/\/hersteragarden.com\/politica-privacidad\/\">la politique de confidentialit\u00e9<\/a><br>En vous inscrivant, vous acceptez <a href=\"https:\/\/hersteragarden.com\/politica-privacidad\/\">la politique de confidentialit\u00e9 et de protection des donn\u00e9es<\/a><\/span><\/label><\/span><\/span><\/span><span class=\"wpcf7-form-control-wrap\" data-name=\"your-consent\"><span class=\"wpcf7-form-control wpcf7-checkbox\"><span class=\"wpcf7-list-item first last\"><label><input type=\"checkbox\" name=\"your-consent[]\" value=\"Je souhaite recevoir des nouvelles d&#039;Herstera par mail\" \/><span class=\"wpcf7-list-item-label\">Je souhaite recevoir des nouvelles d&#039;Herstera par mail<\/span><\/label><\/span><\/span><\/span><input class=\"wpcf7-form-control wpcf7-submit has-spinner\" type=\"submit\" value=\"Envoyer\" \/>\n<\/p><div class=\"wpcf7-response-output\" aria-hidden=\"true\"><\/div>\n<\/form>\n<\/div>\n<\/div>\n\n\t<\/div>\n\n<\/div>\n\n<\/div>\n<\/div><\/div>\n\n<\/div>\n<div class=\"wp-bootstrap-blocks-container container-fluid mb-0\">\n\t\n\n<div class=\"wp-block-group has-lm-background-color-background-color has-background\"><div class=\"wp-block-group__inner-container is-layout-flow wp-block-group-is-layout-flow\"><div class=\"wp-bootstrap-blocks-container container mb-0 contactanos-container\">\n\t\n<div class=\"wp-bootstrap-blocks-row row\">\n\t\n\n<div class=\"col-12 col-md-3\">\n\t\t\t\n\n<h2 class=\"has-heading-small-font-size wp-block-heading\" style=\"font-style:normal;font-weight:400\">O\u00f9 en sommes-nous ?<\/h2>\n\n\n\n<div style=\"height:58px\" aria-hidden=\"true\" class=\"wp-block-spacer\"><\/div>\n\n\n\n<h3 class=\"has-text-medium-font-size wp-block-heading\" style=\"font-style:normal;font-weight:700\">Bureaux<\/h3>\n\n\n\n<figure class=\"wp-block-image size-full is-resized marker\"><img loading=\"lazy\" decoding=\"async\" src=\"https:\/\/hersteragarden.com\/wp-content\/uploads\/2022\/04\/chincheta.png\" alt=\"\" class=\"wp-image-1198\" width=\"23\" height=\"34\" title=\"bureaux Herstera\"\/><\/figure>\n\n\n\n<p class=\"has-lm-light-color-color has-text-color\">C. Conca de Barber\u00e0, 14-16 <br\/>Pol. Ind. Pla de la Bruguera <br\/>08211, Castellar del Vall\u00e8s. Barcelona <br\/>Espagne (Europe)<br\/><a href=\"+34937206141\">T\u00e9l. +34 93 720 61 41<\/a><br\/><a href=\"mailto:info@hersteragarden.com\">info@hersteragarden.com<\/a><a href=\"+34937206141\"> <\/a><\/p>\n\n\t<\/div>\n\n\n\n<div class=\"col-12 col-md-9\">\n\t\t\t\n\n<div class=\"wp-block-group map-container\"><div class=\"wp-block-group__inner-container is-layout-flow wp-block-group-is-layout-flow\">\n<figure class=\"wp-block-image size-full\"><a href=\"https:\/\/www.google.com\/maps\/place\/Herstera+Garden+S.L.\/@41.5991418,2.0856401,17z\/data=!3m1!4b1!4m5!3m4!1s0x12a4be24495d0fbf:0x3b37f1a01fa1f9fc!8m2!3d41.5991418!4d2.0878288\" target=\"_blank\" rel=\"noreferrer noopener\"><img loading=\"lazy\" decoding=\"async\" width=\"1411\" height=\"808\" src=\"https:\/\/hersteragarden.com\/wp-content\/uploads\/2022\/12\/Contact-map-barcelona2.jpg\" alt=\"Contacter Herstera Garden\" class=\"wp-image-3488\" srcset=\"https:\/\/hersteragarden.com\/wp-content\/uploads\/2022\/12\/Contact-map-barcelona2.jpg 1411w, https:\/\/hersteragarden.com\/wp-content\/uploads\/2022\/12\/Contact-map-barcelona2-300x172.jpg 300w, https:\/\/hersteragarden.com\/wp-content\/uploads\/2022\/12\/Contact-map-barcelona2-1024x586.jpg 1024w, https:\/\/hersteragarden.com\/wp-content\/uploads\/2022\/12\/Contact-map-barcelona2-768x440.jpg 768w, https:\/\/hersteragarden.com\/wp-content\/uploads\/2022\/12\/Contact-map-barcelona2-600x344.jpg 600w\" sizes=\"auto, (max-width: 1411px) 100vw, 1411px\" \/><\/a><\/figure>\n<\/div><\/div>\n\n\t<\/div>\n\n<\/div>\n\n<\/div>\n<\/div><\/div>\n\n<\/div>\n<div class=\"wp-bootstrap-blocks-container container-fluid mb-0\">\n\t\n\n<div class=\"wp-block-group has-lm-background-color-background-color has-background\"><div class=\"wp-block-group__inner-container is-layout-flow wp-block-group-is-layout-flow\"><div class=\"wp-bootstrap-blocks-container container mb-0 hola-container separator\">\n\t\n<div class=\"wp-bootstrap-blocks-row row\">\n\t\n\n<div class=\"col-12 col-md-3\">\n\t\t\t\n\n<h2 class=\"has-heading-small-font-size wp-block-heading\" style=\"font-style:normal;font-weight:400\">Salut!<\/h2>\n\n\t<\/div>\n\n\n\n<div class=\"col-12 col-md-3\">\n\t\t\t\n\n<h5 class=\"has-text-medium-font-size wp-block-heading\" style=\"font-style:normal;font-weight:700\">Bureaux<\/h5>\n\n\n\n<p class=\"has-lm-light-color-color has-text-color has-text-medium-font-size\">T\u00e9l. +34 93 720 61 41<br\/><a href=\"mailto:info@hersteragarden.com\">info@hersteragarden.com<\/a><\/p>\n\n\t<\/div>\n\n\n\n<div class=\"col-12 col-md-3\">\n\t\t\t\n\n<h5 class=\"has-text-medium-font-size wp-block-heading\" style=\"font-style:normal;font-weight:700\">Exportation<\/h5>\n\n\n\n<p class=\"has-lm-light-color-color has-text-color has-text-medium-font-size\"><a href=\"tel:0034675427050\">T\u00e9l. +34 675 427 050<\/a><br\/><a href=\"mailto:export@hersteragarden.com\">export@hersteragarden.com<\/a><\/p>\n\n\t<\/div>\n\n\n\n<div class=\"col-12 col-md-3\">\n\t\t\t\n\n<h5 class=\"has-text-medium-font-size wp-block-heading\" style=\"font-style:normal;font-weight:700\">Boutique en ligne pour les professionnels (B2B)<\/h5>\n\n\n\n<p class=\"has-lm-light-color-color has-text-color has-text-medium-font-size\"><a href=\"tel:0034654768165\">T\u00e9l. +34 654 768 165<\/a><br\/><a href=\"mailto:info@hersteragarden.com\">comercial3@hersteragarden.com<\/a><\/p>\n\n\t<\/div>\n\n<\/div>\n\n<\/div>\n<\/div><\/div>\n\n<\/div>\n","protected":false},"excerpt":{"rendered":"<p> <span class=\"more-symbol\">[&#8230;]<\/span><\/p>\n","protected":false},"author":2,"featured_media":0,"parent":0,"menu_order":22,"comment_status":"closed","ping_status":"closed","template":"page-templates\/fullwidthpage-black.php","meta":{"inline_featured_image":false,"footnotes":""},"class_list":["post-4812","page","type-page","status-publish","hentry"],"yoast_head":"<!-- This site is optimized with the Yoast SEO plugin v21.5 - https:\/\/yoast.com\/wordpress\/plugins\/seo\/ -->\n<title>Contactez-nous - hersteragarden.com.<\/title>\n<meta name=\"description\" content=\"Vous avez besoin de conseils ? \u00cates-vous int\u00e9ress\u00e9 par la vente de nos produits ? Nous sommes ravis de faire partie de votre entreprise et de vos projets. Contactez-nous !\" \/>\n<meta name=\"robots\" content=\"index, follow, max-snippet:-1, max-image-preview:large, max-video-preview:-1\" \/>\n<link rel=\"canonical\" href=\"https:\/\/hersteragarden.com\/fr\/contact\/\" \/>\n<meta property=\"og:locale\" content=\"fr_FR\" \/>\n<meta property=\"og:type\" content=\"article\" \/>\n<meta property=\"og:title\" content=\"Contactez-nous - hersteragarden.com.\" \/>\n<meta property=\"og:description\" content=\"Vous avez besoin de conseils ? \u00cates-vous int\u00e9ress\u00e9 par la vente de nos produits ? Nous sommes ravis de faire partie de votre entreprise et de vos projets. Contactez-nous !\" \/>\n<meta property=\"og:url\" content=\"https:\/\/hersteragarden.com\/fr\/contact\/\" \/>\n<meta property=\"og:site_name\" content=\"hersteragarden.com\" \/>\n<meta property=\"article:modified_time\" content=\"2023-01-11T11:05:50+00:00\" \/>\n<meta property=\"og:image\" content=\"https:\/\/hersteragarden.com\/wp-content\/uploads\/2022\/04\/chincheta.png\" \/>\n<meta name=\"twitter:card\" content=\"summary_large_image\" \/>\n<script type=\"application\/ld+json\" class=\"yoast-schema-graph\">{\"@context\":\"https:\/\/schema.org\",\"@graph\":[{\"@type\":\"WebPage\",\"@id\":\"https:\/\/hersteragarden.com\/fr\/contact\/\",\"url\":\"https:\/\/hersteragarden.com\/fr\/contact\/\",\"name\":\"Contactez-nous - hersteragarden.com.\",\"isPartOf\":{\"@id\":\"https:\/\/hersteragarden.com\/fr\/#website\"},\"datePublished\":\"2022-02-20T12:29:44+00:00\",\"dateModified\":\"2023-01-11T11:05:50+00:00\",\"description\":\"Vous avez besoin de conseils ? \u00cates-vous int\u00e9ress\u00e9 par la vente de nos produits ? Nous sommes ravis de faire partie de votre entreprise et de vos projets. Contactez-nous !\",\"breadcrumb\":{\"@id\":\"https:\/\/hersteragarden.com\/fr\/contact\/#breadcrumb\"},\"inLanguage\":\"fr-FR\",\"potentialAction\":[{\"@type\":\"ReadAction\",\"target\":[\"https:\/\/hersteragarden.com\/fr\/contact\/\"]}]},{\"@type\":\"BreadcrumbList\",\"@id\":\"https:\/\/hersteragarden.com\/fr\/contact\/#breadcrumb\",\"itemListElement\":[{\"@type\":\"ListItem\",\"position\":1,\"name\":\"Portada\",\"item\":\"https:\/\/hersteragarden.com\/fr\/\"},{\"@type\":\"ListItem\",\"position\":2,\"name\":\"Contact\"}]},{\"@type\":\"WebSite\",\"@id\":\"https:\/\/hersteragarden.com\/fr\/#website\",\"url\":\"https:\/\/hersteragarden.com\/fr\/\",\"name\":\"hersteragarden.com\",\"description\":\"Passion for pottery\",\"publisher\":{\"@id\":\"https:\/\/hersteragarden.com\/fr\/#organization\"},\"potentialAction\":[{\"@type\":\"SearchAction\",\"target\":{\"@type\":\"EntryPoint\",\"urlTemplate\":\"https:\/\/hersteragarden.com\/fr\/?s={search_term_string}\"},\"query-input\":\"required name=search_term_string\"}],\"inLanguage\":\"fr-FR\"},{\"@type\":\"Organization\",\"@id\":\"https:\/\/hersteragarden.com\/fr\/#organization\",\"name\":\"hersteragarden.com\",\"url\":\"https:\/\/hersteragarden.com\/fr\/\",\"logo\":{\"@type\":\"ImageObject\",\"inLanguage\":\"fr-FR\",\"@id\":\"https:\/\/hersteragarden.com\/fr\/#\/schema\/logo\/image\/\",\"url\":\"https:\/\/hersteragarden.com\/wp-content\/uploads\/2022\/02\/logo.svg\",\"contentUrl\":\"https:\/\/hersteragarden.com\/wp-content\/uploads\/2022\/02\/logo.svg\",\"width\":100,\"height\":100,\"caption\":\"hersteragarden.com\"},\"image\":{\"@id\":\"https:\/\/hersteragarden.com\/fr\/#\/schema\/logo\/image\/\"}}]}<\/script>\n<!-- \/ Yoast SEO plugin. -->","yoast_head_json":{"title":"Contactez-nous - hersteragarden.com.","description":"Vous avez besoin de conseils ? \u00cates-vous int\u00e9ress\u00e9 par la vente de nos produits ? Nous sommes ravis de faire partie de votre entreprise et de vos projets. Contactez-nous !","robots":{"index":"index","follow":"follow","max-snippet":"max-snippet:-1","max-image-preview":"max-image-preview:large","max-video-preview":"max-video-preview:-1"},"canonical":"https:\/\/hersteragarden.com\/fr\/contact\/","og_locale":"fr_FR","og_type":"article","og_title":"Contactez-nous - hersteragarden.com.","og_description":"Vous avez besoin de conseils ? \u00cates-vous int\u00e9ress\u00e9 par la vente de nos produits ? Nous sommes ravis de faire partie de votre entreprise et de vos projets. Contactez-nous !","og_url":"https:\/\/hersteragarden.com\/fr\/contact\/","og_site_name":"hersteragarden.com","article_modified_time":"2023-01-11T11:05:50+00:00","og_image":[{"url":"https:\/\/hersteragarden.com\/wp-content\/uploads\/2022\/04\/chincheta.png"}],"twitter_card":"summary_large_image","schema":{"@context":"https:\/\/schema.org","@graph":[{"@type":"WebPage","@id":"https:\/\/hersteragarden.com\/fr\/contact\/","url":"https:\/\/hersteragarden.com\/fr\/contact\/","name":"Contactez-nous - hersteragarden.com.","isPartOf":{"@id":"https:\/\/hersteragarden.com\/fr\/#website"},"datePublished":"2022-02-20T12:29:44+00:00","dateModified":"2023-01-11T11:05:50+00:00","description":"Vous avez besoin de conseils ? \u00cates-vous int\u00e9ress\u00e9 par la vente de nos produits ? Nous sommes ravis de faire partie de votre entreprise et de vos projets. Contactez-nous !","breadcrumb":{"@id":"https:\/\/hersteragarden.com\/fr\/contact\/#breadcrumb"},"inLanguage":"fr-FR","potentialAction":[{"@type":"ReadAction","target":["https:\/\/hersteragarden.com\/fr\/contact\/"]}]},{"@type":"BreadcrumbList","@id":"https:\/\/hersteragarden.com\/fr\/contact\/#breadcrumb","itemListElement":[{"@type":"ListItem","position":1,"name":"Portada","item":"https:\/\/hersteragarden.com\/fr\/"},{"@type":"ListItem","position":2,"name":"Contact"}]},{"@type":"WebSite","@id":"https:\/\/hersteragarden.com\/fr\/#website","url":"https:\/\/hersteragarden.com\/fr\/","name":"hersteragarden.com","description":"Passion for pottery","publisher":{"@id":"https:\/\/hersteragarden.com\/fr\/#organization"},"potentialAction":[{"@type":"SearchAction","target":{"@type":"EntryPoint","urlTemplate":"https:\/\/hersteragarden.com\/fr\/?s={search_term_string}"},"query-input":"required name=search_term_string"}],"inLanguage":"fr-FR"},{"@type":"Organization","@id":"https:\/\/hersteragarden.com\/fr\/#organization","name":"hersteragarden.com","url":"https:\/\/hersteragarden.com\/fr\/","logo":{"@type":"ImageObject","inLanguage":"fr-FR","@id":"https:\/\/hersteragarden.com\/fr\/#\/schema\/logo\/image\/","url":"https:\/\/hersteragarden.com\/wp-content\/uploads\/2022\/02\/logo.svg","contentUrl":"https:\/\/hersteragarden.com\/wp-content\/uploads\/2022\/02\/logo.svg","width":100,"height":100,"caption":"hersteragarden.com"},"image":{"@id":"https:\/\/hersteragarden.com\/fr\/#\/schema\/logo\/image\/"}}]}},"_links":{"self":[{"href":"https:\/\/hersteragarden.com\/fr\/wp-json\/wp\/v2\/pages\/4812","targetHints":{"allow":["GET"]}}],"collection":[{"href":"https:\/\/hersteragarden.com\/fr\/wp-json\/wp\/v2\/pages"}],"about":[{"href":"https:\/\/hersteragarden.com\/fr\/wp-json\/wp\/v2\/types\/page"}],"author":[{"embeddable":true,"href":"https:\/\/hersteragarden.com\/fr\/wp-json\/wp\/v2\/users\/2"}],"replies":[{"embeddable":true,"href":"https:\/\/hersteragarden.com\/fr\/wp-json\/wp\/v2\/comments?post=4812"}],"version-history":[{"count":1,"href":"https:\/\/hersteragarden.com\/fr\/wp-json\/wp\/v2\/pages\/4812\/revisions"}],"predecessor-version":[{"id":4813,"href":"https:\/\/hersteragarden.com\/fr\/wp-json\/wp\/v2\/pages\/4812\/revisions\/4813"}],"wp:attachment":[{"href":"https:\/\/hersteragarden.com\/fr\/wp-json\/wp\/v2\/media?parent=4812"}],"curies":[{"name":"wp","href":"https:\/\/api.w.org\/{rel}","templated":true}]}}