{"id":4803,"date":"2022-11-24T08:58:03","date_gmt":"2022-11-24T07:58:03","guid":{"rendered":"https:\/\/hersteragarden.com\/telecharger-le-catalogue-de-noel\/"},"modified":"2024-09-16T09:42:39","modified_gmt":"2024-09-16T08:42:39","slug":"telecharger-le-catalogue-de-noel","status":"publish","type":"page","link":"https:\/\/hersteragarden.com\/fr\/telecharger-le-catalogue-de-noel\/","title":{"rendered":"T\u00e9l\u00e9charger le catalogue de No\u00ebl"},"content":{"rendered":"<div class=\"wp-bootstrap-blocks-container container-fluid mb-0 black-background\">\n\t\n\n<div class=\"wp-block-group has-lm-light-color-color has-lm-dark-color-background-color has-text-color has-background\"><div class=\"wp-block-group__inner-container is-layout-flow wp-block-group-is-layout-flow\"><div class=\"wp-bootstrap-blocks-container container mb-0 aire descargate-catalogo\">\n\t\n\n<h1 class=\"wp-block-heading has-text-align-center has-lm-pure-white-color-color has-text-color\">T\u00e9l\u00e9charger le catalogue de No\u00ebl<\/h1>\n\n\n\n<p class=\"has-text-align-center aire-top has-lm-pure-white-color-color has-text-color\">Inscrivez-vous et vous recevrez un mail avec le catalogue de <br>Herstera Garden.<\/p>\n\n\n<div class=\"wp-bootstrap-blocks-container container mb-0\">\n\t\n\n<div class=\"wp-block-contact-form-7-contact-form-selector\">\n<div class=\"wpcf7 no-js\" id=\"wpcf7-f5036-o1\" lang=\"fr-FR\" dir=\"ltr\">\n<div class=\"screen-reader-response\"><p role=\"status\" aria-live=\"polite\" aria-atomic=\"true\"><\/p> <ul><\/ul><\/div>\n<form action=\"\/fr\/wp-json\/wp\/v2\/pages\/4803#wpcf7-f5036-o1\" method=\"post\" class=\"wpcf7-form init\" aria-label=\"Formulaire de contact\" novalidate=\"novalidate\" data-status=\"init\">\n<div style=\"display: none;\">\n<input type=\"hidden\" name=\"_wpcf7\" value=\"5036\" \/>\n<input type=\"hidden\" name=\"_wpcf7_version\" value=\"5.8.2\" \/>\n<input type=\"hidden\" name=\"_wpcf7_locale\" value=\"fr_FR\" \/>\n<input type=\"hidden\" name=\"_wpcf7_unit_tag\" value=\"wpcf7-f5036-o1\" \/>\n<input type=\"hidden\" name=\"_wpcf7_container_post\" value=\"0\" \/>\n<input type=\"hidden\" name=\"_wpcf7_posted_data_hash\" value=\"\" \/>\n<input type=\"hidden\" name=\"_wpcf7_recaptcha_response\" value=\"\" \/>\n<\/div>\n<p><span class=\"wpcf7-form-control-wrap\" data-name=\"nombre\"><input size=\"40\" class=\"wpcf7-form-control wpcf7-text wpcf7-validates-as-required\" aria-required=\"true\" aria-invalid=\"false\" placeholder=\"Nom*\" value=\"\" type=\"text\" name=\"nombre\" \/><\/span><span class=\"wpcf7-form-control-wrap\" data-name=\"mail\"><input size=\"40\" class=\"wpcf7-form-control wpcf7-email wpcf7-validates-as-required wpcf7-text wpcf7-validates-as-email\" aria-required=\"true\" aria-invalid=\"false\" placeholder=\"Mail*\" value=\"\" type=\"email\" name=\"mail\" \/><\/span><span class=\"wpcf7-form-control-wrap\" data-name=\"telf\"><input size=\"40\" class=\"wpcf7-form-control wpcf7-tel wpcf7-validates-as-required wpcf7-text wpcf7-validates-as-tel\" aria-required=\"true\" aria-invalid=\"false\" placeholder=\"T\u00e9l\u00e9phone*\" value=\"\" type=\"tel\" name=\"telf\" \/><\/span><span class=\"wpcf7-form-control-wrap\" data-name=\"empresa\"><input size=\"40\" class=\"wpcf7-form-control wpcf7-text\" aria-invalid=\"false\" placeholder=\"Entreprise\" value=\"\" type=\"text\" name=\"empresa\" \/><\/span><span class=\"wpcf7-form-control-wrap\" data-name=\"your-select-company\"><select class=\"wpcf7-form-control wpcf7-select wpcf7-validates-as-required\" aria-required=\"true\" aria-invalid=\"false\" name=\"your-select-company\"><option value=\"\">Type d&#039;entreprise<\/option><option value=\"Garden\/ Jardinage\">Garden\/ Jardinage<\/option><option value=\"Fleuriste\">Fleuriste<\/option><option value=\"Vivero\">Vivero<\/option><option value=\"Centre de bricolage\">Centre de bricolage<\/option><option value=\"Architecture\">Architecture<\/option><option value=\"D\u00e9corateur\/Architecte d&#039;int\u00e9rieur\">D\u00e9corateur\/Architecte d&#039;int\u00e9rieur<\/option><option value=\"Paysagiste\">Paysagiste<\/option><option value=\"E-commerce\">E-commerce<\/option><option value=\"Autres\">Autres<\/option><\/select><\/span><span class=\"wpcf7-form-control-wrap\" data-name=\"provincia\"><select class=\"wpcf7-form-control wpcf7-select wpcf7-validates-as-required\" aria-required=\"true\" aria-invalid=\"false\" name=\"provincia\"><option value=\"\">&#8212;Veuillez choisir une option&#8212;<\/option><option value=\"\u00c1lava\">\u00c1lava<\/option><option value=\"Albacete\">Albacete<\/option><option value=\"Alicante\">Alicante<\/option><option value=\"Almer\u00eda\">Almer\u00eda<\/option><option value=\"Asturies\">Asturies<\/option><option value=\"\u00c1vila\">\u00c1vila<\/option><option value=\"Badajoz\">Badajoz<\/option><option value=\"Barcelone\">Barcelone<\/option><option value=\"Burgos\">Burgos<\/option><option value=\"C\u00e1ceres\">C\u00e1ceres<\/option><option value=\"Cadix\">Cadix<\/option><option value=\"Cantabrie\">Cantabrie<\/option><option value=\"Castell\u00f3n\">Castell\u00f3n<\/option><option value=\"Ceuta\">Ceuta<\/option><option value=\"Ciudad Real\">Ciudad Real<\/option><option value=\"Cordoue\">Cordoue<\/option><option value=\"Cuenca\">Cuenca<\/option><option value=\"G\u00e9rone\">G\u00e9rone<\/option><option value=\"Grenade\">Grenade<\/option><option value=\"Guadalajara\">Guadalajara<\/option><option value=\"Guipuscoa\">Guipuscoa<\/option><option value=\"Huelva\">Huelva<\/option><option value=\"Huesca\">Huesca<\/option><option value=\"\u00celes Bal\u00e9ares\">\u00celes Bal\u00e9ares<\/option><option value=\"Ja\u00e9n\">Ja\u00e9n<\/option><option value=\"La Corogne\">La Corogne<\/option><option value=\"La Rioja\">La Rioja<\/option><option value=\"Las Palmas\">Las Palmas<\/option><option value=\"Le\u00f3n\">Le\u00f3n<\/option><option value=\"Lleida\">Lleida<\/option><option value=\"Lugo\">Lugo<\/option><option value=\"Madrid\">Madrid<\/option><option value=\"Malaga\">Malaga<\/option><option value=\"Melilla\">Melilla<\/option><option value=\"Murcie\">Murcie<\/option><option value=\"Navarre\">Navarre<\/option><option value=\"Ourense\">Ourense<\/option><option value=\"Palencia\">Palencia<\/option><option value=\"Pontevedra\">Pontevedra<\/option><option value=\"Salamanque\">Salamanque<\/option><option value=\"Santa Cruz de Tenerife\">Santa Cruz de Tenerife<\/option><option value=\"S\u00e9govie\">S\u00e9govie<\/option><option value=\"S\u00e9ville\">S\u00e9ville<\/option><option value=\"Soria\">Soria<\/option><option value=\"Tarragone\">Tarragone<\/option><option value=\"Teruel\">Teruel<\/option><option value=\"Tol\u00e8de\">Tol\u00e8de<\/option><option value=\"Valence\">Valence<\/option><option value=\"Valladolid\">Valladolid<\/option><option value=\"Biscaye\">Biscaye<\/option><option value=\"Zamora\">Zamora<\/option><option value=\"Saragosse\">Saragosse<\/option><option value=\"Autre \/ \u00e9tranger\">Autre \/ \u00e9tranger<\/option><\/select><\/span><br \/>\n<span class=\"wpcf7-form-control-wrap\" data-name=\"pais\"><input size=\"40\" class=\"wpcf7-form-control wpcf7-text\" aria-invalid=\"false\" placeholder=\"Pays\" value=\"\" type=\"text\" name=\"pais\" \/><\/span><span class=\"wpcf7-form-control-wrap\" data-name=\"message\"><textarea cols=\"40\" rows=\"10\" class=\"wpcf7-form-control wpcf7-textarea\" aria-invalid=\"false\" placeholder=\"Comment pouvons-nous vous aider ?\" name=\"message\"><\/textarea><\/span><span class=\"wpcf7-form-control-wrap\" data-name=\"acceptance-235\"><span class=\"wpcf7-form-control wpcf7-acceptance\"><span class=\"wpcf7-list-item\"><label><input type=\"checkbox\" name=\"acceptance-235\" value=\"1\" aria-invalid=\"false\" \/><span class=\"wpcf7-list-item-label\">J'ai lu et j'accepte <a href=\"https:\/\/hersteragarden.com\/politica-privacidad\/\">la politique de confidentialit\u00e9<\/a><br>En vous inscrivant, vous acceptez <a href=\"https:\/\/hersteragarden.com\/politica-privacidad\/\">la politique de confidentialit\u00e9 et de protection des donn\u00e9es<\/a><\/span><\/label><\/span><\/span><\/span><span class=\"wpcf7-form-control-wrap\" data-name=\"your-consent\"><span class=\"wpcf7-form-control wpcf7-checkbox\"><span class=\"wpcf7-list-item first last\"><label><input type=\"checkbox\" name=\"your-consent[]\" value=\"Je souhaite recevoir des nouvelles d&#039;Herstera par mail\" \/><span class=\"wpcf7-list-item-label\">Je souhaite recevoir des nouvelles d&#039;Herstera par mail<\/span><\/label><\/span><\/span><\/span><input class=\"wpcf7-form-control wpcf7-submit has-spinner\" type=\"submit\" value=\"Envoyer\" \/>\n<\/p><div class=\"wpcf7-response-output\" aria-hidden=\"true\"><\/div>\n<\/form>\n<\/div>\n<\/div>\n\n<\/div>\n\n<\/div>\n<\/div><\/div>\n\n<\/div>\n\n\n<div class=\"wp-bootstrap-blocks-container container mb-0 soluciones aire\">\n\t\n<div class=\"wp-bootstrap-blocks-row row\">\n\t\n\n<div class=\"col-12 col-md-12\">\n\t\t\t\n\n<div class=\"wp-block-cover\"><span aria-hidden=\"true\" class=\"wp-block-cover__background has-background-dim\"><\/span><img loading=\"lazy\" decoding=\"async\" width=\"1366\" height=\"725\" class=\"wp-block-cover__image-background wp-image-2294\" alt=\"\" src=\"https:\/\/hersteragarden.com\/wp-content\/uploads\/2022\/10\/home-soluciones.jpg\" style=\"object-position:72% 53%\" data-object-fit=\"cover\" data-object-position=\"72% 53%\" srcset=\"https:\/\/hersteragarden.com\/wp-content\/uploads\/2022\/10\/home-soluciones.jpg 1366w, https:\/\/hersteragarden.com\/wp-content\/uploads\/2022\/10\/home-soluciones-300x159.jpg 300w, https:\/\/hersteragarden.com\/wp-content\/uploads\/2022\/10\/home-soluciones-1024x543.jpg 1024w, https:\/\/hersteragarden.com\/wp-content\/uploads\/2022\/10\/home-soluciones-768x408.jpg 768w, https:\/\/hersteragarden.com\/wp-content\/uploads\/2022\/10\/home-soluciones-600x318.jpg 600w\" sizes=\"auto, (max-width: 1366px) 100vw, 1366px\" \/><div class=\"wp-block-cover__inner-container is-layout-flow wp-block-cover-is-layout-flow\">\n<p class=\"has-text-align-center heading has-lm-pure-white-color-color has-text-color has-heading-middle-font-size\"><strong>Solutions<\/strong><\/p>\n\n\n\n<p class=\"has-text-align-center subheading has-lm-pure-white-color-color has-text-color has-text-normal-font-size\">pour les professionnels<\/p>\n\n\n<div class=\"wp-bootstrap-blocks-row row\">\n\t\n\n<div class=\"col-12 col-lg-2 col-half-offset\">\n\t\t\t\n\n<p class=\"has-text-align-center link-arrow has-lm-pure-white-color-color has-text-color\"><a href=\"https:\/\/hersteragarden.com\/fr\/professionnels\/jardins-fleuristes\/\"><strong>Jardins et fleuristes<\/strong><\/a><\/p>\n\n\t<\/div>\n\n\n\n<div class=\"col-12 col-lg-2 col-half-offset\">\n\t\t\t\n\n<p class=\"has-text-align-center link-arrow has-lm-pure-white-color-color has-text-color\"><a href=\"https:\/\/hersteragarden.com\/fr\/professionnels\/amenagement-paysager-et-design-dinterieur\/\"><strong>paysagistes et architectes d&rsquo;int\u00e9rieur<\/strong><\/a><\/p>\n\n\t<\/div>\n\n\n\n<div class=\"col-12 col-lg-2 col-half-offset\">\n\t\t\t\n\n<p class=\"has-text-align-center link-arrow has-lm-pure-white-color-color has-text-color\"><strong><a href=\"https:\/\/hersteragarden.com\/fr\/professionnels\/architectes-et-prescripteurs\/\">Architectes et prescripteurs<\/a><\/strong><\/p>\n\n\t<\/div>\n\n\n\n<div class=\"col-12 col-lg-2 col-half-offset\">\n\t\t\t\n\n<p class=\"has-text-align-center link-arrow has-lm-pure-white-color-color has-text-color\"><strong><a href=\"https:\/\/hersteragarden.com\/fr\/professionnels\/marketplaces-e-commerce\/\">marketplace &amp; ecommerce<\/a><\/strong><\/p>\n\n\t<\/div>\n\n\n\n<div class=\"col-12 col-lg-2 col-half-offset\">\n\t\t\t\n\n<p class=\"has-text-align-center link-arrow has-lm-pure-white-color-color has-text-color\"><strong><a href=\"https:\/\/hersteragarden.com\/fr\/professionnels\/centres-de-bricolage\/\">centre de bricolage<\/a><\/strong><\/p>\n\n\t<\/div>\n\n<\/div>\n<\/div><\/div>\n\n\t<\/div>\n\n<\/div>\n\n<\/div>\n","protected":false},"excerpt":{"rendered":"<p> <span class=\"more-symbol\">[&#8230;]<\/span><\/p>\n","protected":false},"author":1,"featured_media":0,"parent":0,"menu_order":20,"comment_status":"closed","ping_status":"closed","template":"page-templates\/fullwidthpage-black.php","meta":{"inline_featured_image":false,"footnotes":""},"class_list":["post-4803","page","type-page","status-publish","hentry"],"yoast_head":"<!-- This site is optimized with the Yoast SEO plugin v21.5 - https:\/\/yoast.com\/wordpress\/plugins\/seo\/ -->\n<title>T\u00e9l\u00e9charger le catalogue de No\u00ebl - hersteragarden.com<\/title>\n<meta name=\"robots\" content=\"index, follow, max-snippet:-1, max-image-preview:large, max-video-preview:-1\" \/>\n<link rel=\"canonical\" href=\"https:\/\/hersteragarden.com\/fr\/telecharger-le-catalogue-de-noel\/\" \/>\n<meta property=\"og:locale\" content=\"fr_FR\" \/>\n<meta property=\"og:type\" content=\"article\" \/>\n<meta property=\"og:title\" content=\"T\u00e9l\u00e9charger le catalogue de No\u00ebl - hersteragarden.com\" \/>\n<meta property=\"og:description\" content=\"[...]\" \/>\n<meta property=\"og:url\" content=\"https:\/\/hersteragarden.com\/fr\/telecharger-le-catalogue-de-noel\/\" \/>\n<meta property=\"og:site_name\" content=\"hersteragarden.com\" \/>\n<meta property=\"article:modified_time\" content=\"2024-09-16T08:42:39+00:00\" \/>\n<meta name=\"twitter:card\" content=\"summary_large_image\" \/>\n<meta name=\"twitter:label1\" content=\"Dur\u00e9e de lecture estim\u00e9e\" \/>\n\t<meta name=\"twitter:data1\" content=\"1 minute\" \/>\n<script type=\"application\/ld+json\" class=\"yoast-schema-graph\">{\"@context\":\"https:\/\/schema.org\",\"@graph\":[{\"@type\":\"WebPage\",\"@id\":\"https:\/\/hersteragarden.com\/fr\/telecharger-le-catalogue-de-noel\/\",\"url\":\"https:\/\/hersteragarden.com\/fr\/telecharger-le-catalogue-de-noel\/\",\"name\":\"T\u00e9l\u00e9charger le catalogue de No\u00ebl - hersteragarden.com\",\"isPartOf\":{\"@id\":\"https:\/\/hersteragarden.com\/fr\/#website\"},\"datePublished\":\"2022-11-24T07:58:03+00:00\",\"dateModified\":\"2024-09-16T08:42:39+00:00\",\"breadcrumb\":{\"@id\":\"https:\/\/hersteragarden.com\/fr\/telecharger-le-catalogue-de-noel\/#breadcrumb\"},\"inLanguage\":\"fr-FR\",\"potentialAction\":[{\"@type\":\"ReadAction\",\"target\":[\"https:\/\/hersteragarden.com\/fr\/telecharger-le-catalogue-de-noel\/\"]}]},{\"@type\":\"BreadcrumbList\",\"@id\":\"https:\/\/hersteragarden.com\/fr\/telecharger-le-catalogue-de-noel\/#breadcrumb\",\"itemListElement\":[{\"@type\":\"ListItem\",\"position\":1,\"name\":\"Portada\",\"item\":\"https:\/\/hersteragarden.com\/fr\/\"},{\"@type\":\"ListItem\",\"position\":2,\"name\":\"T\u00e9l\u00e9charger le catalogue de No\u00ebl\"}]},{\"@type\":\"WebSite\",\"@id\":\"https:\/\/hersteragarden.com\/fr\/#website\",\"url\":\"https:\/\/hersteragarden.com\/fr\/\",\"name\":\"hersteragarden.com\",\"description\":\"Passion for pottery\",\"publisher\":{\"@id\":\"https:\/\/hersteragarden.com\/fr\/#organization\"},\"potentialAction\":[{\"@type\":\"SearchAction\",\"target\":{\"@type\":\"EntryPoint\",\"urlTemplate\":\"https:\/\/hersteragarden.com\/fr\/?s={search_term_string}\"},\"query-input\":\"required name=search_term_string\"}],\"inLanguage\":\"fr-FR\"},{\"@type\":\"Organization\",\"@id\":\"https:\/\/hersteragarden.com\/fr\/#organization\",\"name\":\"hersteragarden.com\",\"url\":\"https:\/\/hersteragarden.com\/fr\/\",\"logo\":{\"@type\":\"ImageObject\",\"inLanguage\":\"fr-FR\",\"@id\":\"https:\/\/hersteragarden.com\/fr\/#\/schema\/logo\/image\/\",\"url\":\"https:\/\/hersteragarden.com\/wp-content\/uploads\/2022\/02\/logo.svg\",\"contentUrl\":\"https:\/\/hersteragarden.com\/wp-content\/uploads\/2022\/02\/logo.svg\",\"width\":100,\"height\":100,\"caption\":\"hersteragarden.com\"},\"image\":{\"@id\":\"https:\/\/hersteragarden.com\/fr\/#\/schema\/logo\/image\/\"}}]}<\/script>\n<!-- \/ Yoast SEO plugin. -->","yoast_head_json":{"title":"T\u00e9l\u00e9charger le catalogue de No\u00ebl - hersteragarden.com","robots":{"index":"index","follow":"follow","max-snippet":"max-snippet:-1","max-image-preview":"max-image-preview:large","max-video-preview":"max-video-preview:-1"},"canonical":"https:\/\/hersteragarden.com\/fr\/telecharger-le-catalogue-de-noel\/","og_locale":"fr_FR","og_type":"article","og_title":"T\u00e9l\u00e9charger le catalogue de No\u00ebl - hersteragarden.com","og_description":"[...]","og_url":"https:\/\/hersteragarden.com\/fr\/telecharger-le-catalogue-de-noel\/","og_site_name":"hersteragarden.com","article_modified_time":"2024-09-16T08:42:39+00:00","twitter_card":"summary_large_image","twitter_misc":{"Dur\u00e9e de lecture estim\u00e9e":"1 minute"},"schema":{"@context":"https:\/\/schema.org","@graph":[{"@type":"WebPage","@id":"https:\/\/hersteragarden.com\/fr\/telecharger-le-catalogue-de-noel\/","url":"https:\/\/hersteragarden.com\/fr\/telecharger-le-catalogue-de-noel\/","name":"T\u00e9l\u00e9charger le catalogue de No\u00ebl - hersteragarden.com","isPartOf":{"@id":"https:\/\/hersteragarden.com\/fr\/#website"},"datePublished":"2022-11-24T07:58:03+00:00","dateModified":"2024-09-16T08:42:39+00:00","breadcrumb":{"@id":"https:\/\/hersteragarden.com\/fr\/telecharger-le-catalogue-de-noel\/#breadcrumb"},"inLanguage":"fr-FR","potentialAction":[{"@type":"ReadAction","target":["https:\/\/hersteragarden.com\/fr\/telecharger-le-catalogue-de-noel\/"]}]},{"@type":"BreadcrumbList","@id":"https:\/\/hersteragarden.com\/fr\/telecharger-le-catalogue-de-noel\/#breadcrumb","itemListElement":[{"@type":"ListItem","position":1,"name":"Portada","item":"https:\/\/hersteragarden.com\/fr\/"},{"@type":"ListItem","position":2,"name":"T\u00e9l\u00e9charger le catalogue de No\u00ebl"}]},{"@type":"WebSite","@id":"https:\/\/hersteragarden.com\/fr\/#website","url":"https:\/\/hersteragarden.com\/fr\/","name":"hersteragarden.com","description":"Passion for pottery","publisher":{"@id":"https:\/\/hersteragarden.com\/fr\/#organization"},"potentialAction":[{"@type":"SearchAction","target":{"@type":"EntryPoint","urlTemplate":"https:\/\/hersteragarden.com\/fr\/?s={search_term_string}"},"query-input":"required name=search_term_string"}],"inLanguage":"fr-FR"},{"@type":"Organization","@id":"https:\/\/hersteragarden.com\/fr\/#organization","name":"hersteragarden.com","url":"https:\/\/hersteragarden.com\/fr\/","logo":{"@type":"ImageObject","inLanguage":"fr-FR","@id":"https:\/\/hersteragarden.com\/fr\/#\/schema\/logo\/image\/","url":"https:\/\/hersteragarden.com\/wp-content\/uploads\/2022\/02\/logo.svg","contentUrl":"https:\/\/hersteragarden.com\/wp-content\/uploads\/2022\/02\/logo.svg","width":100,"height":100,"caption":"hersteragarden.com"},"image":{"@id":"https:\/\/hersteragarden.com\/fr\/#\/schema\/logo\/image\/"}}]}},"_links":{"self":[{"href":"https:\/\/hersteragarden.com\/fr\/wp-json\/wp\/v2\/pages\/4803","targetHints":{"allow":["GET"]}}],"collection":[{"href":"https:\/\/hersteragarden.com\/fr\/wp-json\/wp\/v2\/pages"}],"about":[{"href":"https:\/\/hersteragarden.com\/fr\/wp-json\/wp\/v2\/types\/page"}],"author":[{"embeddable":true,"href":"https:\/\/hersteragarden.com\/fr\/wp-json\/wp\/v2\/users\/1"}],"replies":[{"embeddable":true,"href":"https:\/\/hersteragarden.com\/fr\/wp-json\/wp\/v2\/comments?post=4803"}],"version-history":[{"count":2,"href":"https:\/\/hersteragarden.com\/fr\/wp-json\/wp\/v2\/pages\/4803\/revisions"}],"predecessor-version":[{"id":5488,"href":"https:\/\/hersteragarden.com\/fr\/wp-json\/wp\/v2\/pages\/4803\/revisions\/5488"}],"wp:attachment":[{"href":"https:\/\/hersteragarden.com\/fr\/wp-json\/wp\/v2\/media?parent=4803"}],"curies":[{"name":"wp","href":"https:\/\/api.w.org\/{rel}","templated":true}]}}