{"id":4783,"date":"2022-02-20T13:27:06","date_gmt":"2022-02-20T12:27:06","guid":{"rendered":"https:\/\/hersteragarden.com\/professionnels\/"},"modified":"2024-09-26T12:40:59","modified_gmt":"2024-09-26T11:40:59","slug":"professionnels","status":"publish","type":"page","link":"https:\/\/hersteragarden.com\/fr\/professionnels\/","title":{"rendered":"Professionnels"},"content":{"rendered":"<div class=\"wp-bootstrap-blocks-container container mb-0 breadcrumbs\">\n\t\n<div class=\"wp-bootstrap-blocks-row row\">\n\t\n\n<div class=\"col-12 col-md-12\">\n\t\t\t\n<div class=\"yoast-breadcrumbs\"><span><span><a href=\"https:\/\/hersteragarden.com\/fr\/\">Portada<\/a><\/span> \/ <span class=\"breadcrumb_last\" aria-current=\"page\">Professionnels<\/span><\/span><\/div>\n\t<\/div>\n\n<\/div>\n\n<\/div>\n\n\n<div class=\"wp-bootstrap-blocks-container container mb-0 aire\">\n\t\n<div class=\"wp-bootstrap-blocks-row row\">\n\t\n\n<div class=\"col-12 col-md-12 col-lg-7 mx-auto\">\n\t\t\t\n\n<h2 class=\"wp-block-heading has-text-align-center pb-2 has-heading-small-font-size\" id=\"productos\" style=\"font-style:normal;font-weight:400\">Solutions pour les professionnels<\/h2>\n\n\n\n<p class=\"has-text-align-center has-lm-light-color-color has-text-color has-text-medium-font-size\">Une s\u00e9lection de produits d&rsquo;ext\u00e9rieur et d&rsquo;int\u00e9rieur id\u00e9aux pour les jardineries, les fleuristes, les architectes, les paysagistes, les restaurants, les h\u00f4tels et autres projets professionnels.<\/p>\n\n\t<\/div>\n\n<\/div>\n\n\n<div class=\"wp-bootstrap-blocks-row row\">\n\t\n\n<div class=\"col-12 col-md-12 col-lg-11 mx-auto\">\n\t\t\t\n<div class=\"container page-childs-grid\">\n<div class=\"row\">\n<div class=\"menu-item col-12 col-sm-6 col-md-4  \">\n<a href=\"https:\/\/hersteragarden.com\/profesionales\/gardens-floristerias\/\" title=\"Jardineries &amp; fleuristes\">\n<div class=\"product_thumbnail with_second_image  second_image_loaded\"><span class=\"product_thumbnail_background\" style=\"background-image:url()\"><\/span>\n<img decoding=\"async\" src=\" https:\/\/hersteragarden.com\/wp-content\/uploads\/2022\/11\/profesional-categoria-garden-floristeria-2.jpg\" class=\"attachment-medium size-medium wp-post-image\" alt=\"\" loading=\"lazy\">\n<\/div><\/a>\n<p class=\"title\"><a href=\"https:\/\/hersteragarden.com\/profesionales\/gardens-floristerias\/\" title=\"Jardineries &amp; fleuristes\">Jardineries &amp; fleuristes<\/a><\/p>\n<p class=\"desc\"><a href=\"https:\/\/hersteragarden.com\/profesionales\/gardens-floristerias\/\" title=\"Jardineries &amp; fleuristes\">\n<\/a><\/p><\/div><div class=\"menu-item col-12 col-sm-6 col-md-4  \">\n<a href=\"https:\/\/hersteragarden.com\/profesionales\/paisajismo-diseno-interiores\/\" title=\"Am\u00e9nagement paysager et design d'int\u00e9rieur\ufffc\">\n<div class=\"product_thumbnail with_second_image  second_image_loaded\"><span class=\"product_thumbnail_background\" style=\"background-image:url()\"><\/span>\n<img decoding=\"async\" src=\" https:\/\/hersteragarden.com\/wp-content\/uploads\/2022\/11\/profesional-categoria-paisajista-interiorista.jpg\" class=\"attachment-medium size-medium wp-post-image\" alt=\"\" loading=\"lazy\">\n<\/div><\/a>\n<p class=\"title\"><a href=\"https:\/\/hersteragarden.com\/profesionales\/paisajismo-diseno-interiores\/\" title=\"Am\u00e9nagement paysager et design d'int\u00e9rieur\ufffc\">Am\u00e9nagement paysager et design d'int\u00e9rieur\ufffc<\/a><\/p>\n<p class=\"desc\"><a href=\"https:\/\/hersteragarden.com\/profesionales\/paisajismo-diseno-interiores\/\" title=\"Am\u00e9nagement paysager et design d'int\u00e9rieur\ufffc\">\n<\/a><\/p><\/div><div class=\"menu-item col-12 col-sm-6 col-md-4  \">\n<a href=\"https:\/\/hersteragarden.com\/profesionales\/arquitectos-prescriptores\/\" title=\"Architectes et prescripteurs\">\n<div class=\"product_thumbnail with_second_image  second_image_loaded\"><span class=\"product_thumbnail_background\" style=\"background-image:url()\"><\/span>\n<img decoding=\"async\" src=\" https:\/\/hersteragarden.com\/wp-content\/uploads\/2022\/04\/profesional-categoria-arquitecto.jpg\" class=\"attachment-medium size-medium wp-post-image\" alt=\"\" loading=\"lazy\">\n<\/div><\/a>\n<p class=\"title\"><a href=\"https:\/\/hersteragarden.com\/profesionales\/arquitectos-prescriptores\/\" title=\"Architectes et prescripteurs\">Architectes et prescripteurs<\/a><\/p>\n<p class=\"desc\"><a href=\"https:\/\/hersteragarden.com\/profesionales\/arquitectos-prescriptores\/\" title=\"Architectes et prescripteurs\">\n<\/a><\/p><\/div><div class=\"menu-item col-12 col-sm-6 col-md-4  \">\n<a href=\"https:\/\/hersteragarden.com\/profesionales\/marketplaces-dropshiping\/\" title=\"Marketplaces &amp; e-commerce\">\n<div class=\"product_thumbnail with_second_image  second_image_loaded\"><span class=\"product_thumbnail_background\" style=\"background-image:url()\"><\/span>\n<img decoding=\"async\" src=\" https:\/\/hersteragarden.com\/wp-content\/uploads\/2022\/04\/profesional-categoria-marketplace.jpg\" class=\"attachment-medium size-medium wp-post-image\" alt=\"\" loading=\"lazy\">\n<\/div><\/a>\n<p class=\"title\"><a href=\"https:\/\/hersteragarden.com\/profesionales\/marketplaces-dropshiping\/\" title=\"Marketplaces &amp; e-commerce\">Marketplaces &amp; e-commerce<\/a><\/p>\n<p class=\"desc\"><a href=\"https:\/\/hersteragarden.com\/profesionales\/marketplaces-dropshiping\/\" title=\"Marketplaces &amp; e-commerce\">\n<\/a><\/p><\/div><div class=\"menu-item col-12 col-sm-6 col-md-4  \">\n<a href=\"https:\/\/hersteragarden.com\/profesionales\/hosteleria-restauracion\/\" title=\"H\u00f4tellerie et restauration\">\n<div class=\"product_thumbnail with_second_image  second_image_loaded\"><span class=\"product_thumbnail_background\" style=\"background-image:url()\"><\/span>\n<img decoding=\"async\" src=\" https:\/\/hersteragarden.com\/wp-content\/uploads\/2022\/04\/profesional-categoria-hosteleria-restauracion.jpg\" class=\"attachment-medium size-medium wp-post-image\" alt=\"\" loading=\"lazy\">\n<\/div><\/a>\n<p class=\"title\"><a href=\"https:\/\/hersteragarden.com\/profesionales\/hosteleria-restauracion\/\" title=\"H\u00f4tellerie et restauration\">H\u00f4tellerie et restauration<\/a><\/p>\n<p class=\"desc\"><a href=\"https:\/\/hersteragarden.com\/profesionales\/hosteleria-restauracion\/\" title=\"H\u00f4tellerie et restauration\">\n<\/a><\/p><\/div><div class=\"menu-item col-12 col-sm-6 col-md-4  \">\n<a href=\"https:\/\/hersteragarden.com\/profesionales\/centros-bricolaje\/\" title=\"Centres de bricolage\">\n<div class=\"product_thumbnail with_second_image  second_image_loaded\"><span class=\"product_thumbnail_background\" style=\"background-image:url()\"><\/span>\n<img decoding=\"async\" src=\" https:\/\/hersteragarden.com\/wp-content\/uploads\/2022\/04\/profesional-categoria-bricolaje.jpg\" class=\"attachment-medium size-medium wp-post-image\" alt=\"\" loading=\"lazy\">\n<\/div><\/a>\n<p class=\"title\"><a href=\"https:\/\/hersteragarden.com\/profesionales\/centros-bricolaje\/\" title=\"Centres de bricolage\">Centres de bricolage<\/a><\/p>\n<p class=\"desc\"><a href=\"https:\/\/hersteragarden.com\/profesionales\/centros-bricolaje\/\" title=\"Centres de bricolage\">\n<\/a><\/p><\/div><\/div><\/div>\n\n\t<\/div>\n\n<\/div>\n\n<\/div>\n\n\n<div class=\"wp-bootstrap-blocks-container container-fluid mb-0\">\n\t\n\n<div class=\"wp-block-group aire has-background\" style=\"background-color:#f1f1f1\"><div class=\"wp-block-group__inner-container is-layout-flow wp-block-group-is-layout-flow\"><div class=\"wp-bootstrap-blocks-container container mb-0 catalogos-2 separator\">\n\t\n<div class=\"wp-bootstrap-blocks-row row\">\n\t\n\n<div class=\"col-12\">\n\t\t\t\n\n<h2 class=\"wp-block-heading has-text-align-center pb-5 has-heading-middle-font-size\" id=\"catalogos\" style=\"font-style:normal;font-weight:700\">Catalogues<\/h2>\n\n\t<\/div>\n\n<\/div>\n\n\n<div class=\"wp-bootstrap-blocks-row row justify-content-center\">\n\t\n\n<div class=\"col-12 col-md-4 pb-5\">\n\t\t\t\n<div class=\"wp-block-image\">\n<figure class=\"aligncenter size-full\"><img loading=\"lazy\" decoding=\"async\" width=\"420\" height=\"420\" src=\"https:\/\/hersteragarden.com\/wp-content\/uploads\/2024\/09\/catalogo-general-1.jpg\" alt=\"\" class=\"wp-image-5609\" srcset=\"https:\/\/hersteragarden.com\/wp-content\/uploads\/2024\/09\/catalogo-general-1.jpg 420w, https:\/\/hersteragarden.com\/wp-content\/uploads\/2024\/09\/catalogo-general-1-150x150.jpg 150w, https:\/\/hersteragarden.com\/wp-content\/uploads\/2024\/09\/catalogo-general-1-300x300.jpg 300w, https:\/\/hersteragarden.com\/wp-content\/uploads\/2024\/09\/catalogo-general-1-100x100.jpg 100w\" sizes=\"auto, (max-width: 420px) 100vw, 420px\" \/><\/figure>\n<\/div>\n\n\n<p class=\"has-text-align-center has-text-medium-font-size\"><strong>Collection 2025<\/strong><\/p>\n\n\n\n<p class=\"has-text-align-center has-lm-light-color-color has-text-color has-text-medium-font-size\">Poterie et produits de jardin et<br>d\u00e9co pour le jardin ou le fleuriste.<\/p>\n\n\n\n<div class=\"wp-block-buttons is-layout-flex wp-block-buttons-is-layout-flex\">\n<div class=\"wp-block-button aligncenter is-style-outline is-style-outline--1\"><a class=\"wp-block-button__link wp-element-button\" href=\"https:\/\/hersteragarden.com\/fr\/telecharger-le-catalogue\/\" style=\"border-radius:0px\">Voir le catalogue g\u00e9n\u00e9ral<\/a><\/div>\n<\/div>\n\n\t<\/div>\n\n\n\n<div class=\"col-12 col-md-4 pb-5\">\n\t\t\t\n<div class=\"wp-block-image\">\n<figure class=\"aligncenter size-full\"><img loading=\"lazy\" decoding=\"async\" width=\"420\" height=\"420\" src=\"https:\/\/hersteragarden.com\/wp-content\/uploads\/2024\/09\/catalogo-outdoorlife.jpg\" alt=\"\" class=\"wp-image-5574\" srcset=\"https:\/\/hersteragarden.com\/wp-content\/uploads\/2024\/09\/catalogo-outdoorlife.jpg 420w, https:\/\/hersteragarden.com\/wp-content\/uploads\/2024\/09\/catalogo-outdoorlife-150x150.jpg 150w, https:\/\/hersteragarden.com\/wp-content\/uploads\/2024\/09\/catalogo-outdoorlife-300x300.jpg 300w, https:\/\/hersteragarden.com\/wp-content\/uploads\/2024\/09\/catalogo-outdoorlife-100x100.jpg 100w\" sizes=\"auto, (max-width: 420px) 100vw, 420px\" \/><\/figure>\n<\/div>\n\n\n<p class=\"has-text-align-center\"><strong>Collection contract<\/strong><\/p>\n\n\n\n<p class=\"has-text-align-center has-lm-light-color-color has-text-color has-text-medium-font-size\">Jardini\u00e8res m\u00e9talliques pour h\u00f4tels, <br>restaurants et bureaux.<\/p>\n\n\n\n<div class=\"wp-block-buttons is-layout-flex wp-block-buttons-is-layout-flex\">\n<div class=\"wp-block-button aligncenter is-style-outline is-style-outline--2\"><a class=\"wp-block-button__link wp-element-button\" href=\"https:\/\/hersteragarden.com\/fr\/telecharger-le-catalogue-contract\/\" style=\"border-radius:0px\">Voir le catalogue contract<\/a><\/div>\n<\/div>\n\n\t<\/div>\n\n<\/div>\n\n<\/div>\n<\/div><\/div>\n\n<\/div>\n","protected":false},"excerpt":{"rendered":"<p> <span class=\"more-symbol\">[&#8230;]<\/span><\/p>\n","protected":false},"author":2,"featured_media":0,"parent":0,"menu_order":16,"comment_status":"closed","ping_status":"closed","template":"page-templates\/fullwidthpage-black.php","meta":{"inline_featured_image":false,"footnotes":""},"class_list":["post-4783","page","type-page","status-publish","hentry"],"yoast_head":"<!-- This site is optimized with the Yoast SEO plugin v21.5 - https:\/\/yoast.com\/wordpress\/plugins\/seo\/ -->\n<title>Solutions professionnelles: Pots, jardini\u00e8res et plus<\/title>\n<meta name=\"description\" content=\"Une s\u00e9lection de produits d&#039;ext\u00e9rieur et d&#039;int\u00e9rieur pour les jardineries, les fleuristes, les architectes, les paysagistes, les restaurants, les h\u00f4tels et plus encore !\" \/>\n<meta name=\"robots\" content=\"index, follow, max-snippet:-1, max-image-preview:large, max-video-preview:-1\" \/>\n<link rel=\"canonical\" href=\"https:\/\/hersteragarden.com\/fr\/professionnels\/\" \/>\n<meta property=\"og:locale\" content=\"fr_FR\" \/>\n<meta property=\"og:type\" content=\"article\" \/>\n<meta property=\"og:title\" content=\"Solutions professionnelles: Pots, jardini\u00e8res et plus\" \/>\n<meta property=\"og:description\" content=\"Une s\u00e9lection de produits d&#039;ext\u00e9rieur et d&#039;int\u00e9rieur pour les jardineries, les fleuristes, les architectes, les paysagistes, les restaurants, les h\u00f4tels et plus encore !\" \/>\n<meta property=\"og:url\" content=\"https:\/\/hersteragarden.com\/fr\/professionnels\/\" \/>\n<meta property=\"og:site_name\" content=\"hersteragarden.com\" \/>\n<meta property=\"article:modified_time\" content=\"2024-09-26T11:40:59+00:00\" \/>\n<meta property=\"og:image\" content=\"https:\/\/hersteragarden.com\/wp-content\/uploads\/2024\/09\/catalogo-general-1.jpg\" \/>\n<meta name=\"twitter:card\" content=\"summary_large_image\" \/>\n<meta name=\"twitter:label1\" content=\"Dur\u00e9e de lecture estim\u00e9e\" \/>\n\t<meta name=\"twitter:data1\" content=\"1 minute\" \/>\n<script type=\"application\/ld+json\" class=\"yoast-schema-graph\">{\"@context\":\"https:\/\/schema.org\",\"@graph\":[{\"@type\":\"WebPage\",\"@id\":\"https:\/\/hersteragarden.com\/fr\/professionnels\/\",\"url\":\"https:\/\/hersteragarden.com\/fr\/professionnels\/\",\"name\":\"Solutions professionnelles: Pots, jardini\u00e8res et plus\",\"isPartOf\":{\"@id\":\"https:\/\/hersteragarden.com\/fr\/#website\"},\"datePublished\":\"2022-02-20T12:27:06+00:00\",\"dateModified\":\"2024-09-26T11:40:59+00:00\",\"description\":\"Une s\u00e9lection de produits d'ext\u00e9rieur et d'int\u00e9rieur pour les jardineries, les fleuristes, les architectes, les paysagistes, les restaurants, les h\u00f4tels et plus encore !\",\"breadcrumb\":{\"@id\":\"https:\/\/hersteragarden.com\/fr\/professionnels\/#breadcrumb\"},\"inLanguage\":\"fr-FR\",\"potentialAction\":[{\"@type\":\"ReadAction\",\"target\":[\"https:\/\/hersteragarden.com\/fr\/professionnels\/\"]}]},{\"@type\":\"BreadcrumbList\",\"@id\":\"https:\/\/hersteragarden.com\/fr\/professionnels\/#breadcrumb\",\"itemListElement\":[{\"@type\":\"ListItem\",\"position\":1,\"name\":\"Portada\",\"item\":\"https:\/\/hersteragarden.com\/fr\/\"},{\"@type\":\"ListItem\",\"position\":2,\"name\":\"Professionnels\"}]},{\"@type\":\"WebSite\",\"@id\":\"https:\/\/hersteragarden.com\/fr\/#website\",\"url\":\"https:\/\/hersteragarden.com\/fr\/\",\"name\":\"hersteragarden.com\",\"description\":\"Passion for pottery\",\"publisher\":{\"@id\":\"https:\/\/hersteragarden.com\/fr\/#organization\"},\"potentialAction\":[{\"@type\":\"SearchAction\",\"target\":{\"@type\":\"EntryPoint\",\"urlTemplate\":\"https:\/\/hersteragarden.com\/fr\/?s={search_term_string}\"},\"query-input\":\"required name=search_term_string\"}],\"inLanguage\":\"fr-FR\"},{\"@type\":\"Organization\",\"@id\":\"https:\/\/hersteragarden.com\/fr\/#organization\",\"name\":\"hersteragarden.com\",\"url\":\"https:\/\/hersteragarden.com\/fr\/\",\"logo\":{\"@type\":\"ImageObject\",\"inLanguage\":\"fr-FR\",\"@id\":\"https:\/\/hersteragarden.com\/fr\/#\/schema\/logo\/image\/\",\"url\":\"https:\/\/hersteragarden.com\/wp-content\/uploads\/2022\/02\/logo.svg\",\"contentUrl\":\"https:\/\/hersteragarden.com\/wp-content\/uploads\/2022\/02\/logo.svg\",\"width\":100,\"height\":100,\"caption\":\"hersteragarden.com\"},\"image\":{\"@id\":\"https:\/\/hersteragarden.com\/fr\/#\/schema\/logo\/image\/\"}}]}<\/script>\n<!-- \/ Yoast SEO plugin. -->","yoast_head_json":{"title":"Solutions professionnelles: Pots, jardini\u00e8res et plus","description":"Une s\u00e9lection de produits d'ext\u00e9rieur et d'int\u00e9rieur pour les jardineries, les fleuristes, les architectes, les paysagistes, les restaurants, les h\u00f4tels et plus encore !","robots":{"index":"index","follow":"follow","max-snippet":"max-snippet:-1","max-image-preview":"max-image-preview:large","max-video-preview":"max-video-preview:-1"},"canonical":"https:\/\/hersteragarden.com\/fr\/professionnels\/","og_locale":"fr_FR","og_type":"article","og_title":"Solutions professionnelles: Pots, jardini\u00e8res et plus","og_description":"Une s\u00e9lection de produits d'ext\u00e9rieur et d'int\u00e9rieur pour les jardineries, les fleuristes, les architectes, les paysagistes, les restaurants, les h\u00f4tels et plus encore !","og_url":"https:\/\/hersteragarden.com\/fr\/professionnels\/","og_site_name":"hersteragarden.com","article_modified_time":"2024-09-26T11:40:59+00:00","og_image":[{"url":"https:\/\/hersteragarden.com\/wp-content\/uploads\/2024\/09\/catalogo-general-1.jpg"}],"twitter_card":"summary_large_image","twitter_misc":{"Dur\u00e9e de lecture estim\u00e9e":"1 minute"},"schema":{"@context":"https:\/\/schema.org","@graph":[{"@type":"WebPage","@id":"https:\/\/hersteragarden.com\/fr\/professionnels\/","url":"https:\/\/hersteragarden.com\/fr\/professionnels\/","name":"Solutions professionnelles: Pots, jardini\u00e8res et plus","isPartOf":{"@id":"https:\/\/hersteragarden.com\/fr\/#website"},"datePublished":"2022-02-20T12:27:06+00:00","dateModified":"2024-09-26T11:40:59+00:00","description":"Une s\u00e9lection de produits d'ext\u00e9rieur et d'int\u00e9rieur pour les jardineries, les fleuristes, les architectes, les paysagistes, les restaurants, les h\u00f4tels et plus encore !","breadcrumb":{"@id":"https:\/\/hersteragarden.com\/fr\/professionnels\/#breadcrumb"},"inLanguage":"fr-FR","potentialAction":[{"@type":"ReadAction","target":["https:\/\/hersteragarden.com\/fr\/professionnels\/"]}]},{"@type":"BreadcrumbList","@id":"https:\/\/hersteragarden.com\/fr\/professionnels\/#breadcrumb","itemListElement":[{"@type":"ListItem","position":1,"name":"Portada","item":"https:\/\/hersteragarden.com\/fr\/"},{"@type":"ListItem","position":2,"name":"Professionnels"}]},{"@type":"WebSite","@id":"https:\/\/hersteragarden.com\/fr\/#website","url":"https:\/\/hersteragarden.com\/fr\/","name":"hersteragarden.com","description":"Passion for pottery","publisher":{"@id":"https:\/\/hersteragarden.com\/fr\/#organization"},"potentialAction":[{"@type":"SearchAction","target":{"@type":"EntryPoint","urlTemplate":"https:\/\/hersteragarden.com\/fr\/?s={search_term_string}"},"query-input":"required name=search_term_string"}],"inLanguage":"fr-FR"},{"@type":"Organization","@id":"https:\/\/hersteragarden.com\/fr\/#organization","name":"hersteragarden.com","url":"https:\/\/hersteragarden.com\/fr\/","logo":{"@type":"ImageObject","inLanguage":"fr-FR","@id":"https:\/\/hersteragarden.com\/fr\/#\/schema\/logo\/image\/","url":"https:\/\/hersteragarden.com\/wp-content\/uploads\/2022\/02\/logo.svg","contentUrl":"https:\/\/hersteragarden.com\/wp-content\/uploads\/2022\/02\/logo.svg","width":100,"height":100,"caption":"hersteragarden.com"},"image":{"@id":"https:\/\/hersteragarden.com\/fr\/#\/schema\/logo\/image\/"}}]}},"_links":{"self":[{"href":"https:\/\/hersteragarden.com\/fr\/wp-json\/wp\/v2\/pages\/4783","targetHints":{"allow":["GET"]}}],"collection":[{"href":"https:\/\/hersteragarden.com\/fr\/wp-json\/wp\/v2\/pages"}],"about":[{"href":"https:\/\/hersteragarden.com\/fr\/wp-json\/wp\/v2\/types\/page"}],"author":[{"embeddable":true,"href":"https:\/\/hersteragarden.com\/fr\/wp-json\/wp\/v2\/users\/2"}],"replies":[{"embeddable":true,"href":"https:\/\/hersteragarden.com\/fr\/wp-json\/wp\/v2\/comments?post=4783"}],"version-history":[{"count":5,"href":"https:\/\/hersteragarden.com\/fr\/wp-json\/wp\/v2\/pages\/4783\/revisions"}],"predecessor-version":[{"id":5614,"href":"https:\/\/hersteragarden.com\/fr\/wp-json\/wp\/v2\/pages\/4783\/revisions\/5614"}],"wp:attachment":[{"href":"https:\/\/hersteragarden.com\/fr\/wp-json\/wp\/v2\/media?parent=4783"}],"curies":[{"name":"wp","href":"https:\/\/api.w.org\/{rel}","templated":true}]}}