{"id":4781,"date":"2022-02-20T13:26:20","date_gmt":"2022-02-20T12:26:20","guid":{"rendered":"https:\/\/hersteragarden.com\/showroom-2\/"},"modified":"2023-01-11T12:04:34","modified_gmt":"2023-01-11T11:04:34","slug":"showroom-2","status":"publish","type":"page","link":"https:\/\/hersteragarden.com\/fr\/showroom-2\/","title":{"rendered":"Showroom"},"content":{"rendered":"<div class=\"wp-bootstrap-blocks-container container-fluid mb-0 hero-full-container\">\n\t\n\n<div class=\"wp-block-cover alignfull hero-full content-bottom\"><span aria-hidden=\"true\" class=\"wp-block-cover__background has-background-dim-0 has-background-dim\"><\/span><img loading=\"lazy\" decoding=\"async\" width=\"2440\" height=\"1422\" class=\"wp-block-cover__image-background wp-image-3500\" alt=\"Showroom Herstera Garden\" src=\"https:\/\/hersteragarden.com\/wp-content\/uploads\/2022\/12\/showroom-header2.jpg\" data-object-fit=\"cover\" srcset=\"https:\/\/hersteragarden.com\/wp-content\/uploads\/2022\/12\/showroom-header2.jpg 2440w, https:\/\/hersteragarden.com\/wp-content\/uploads\/2022\/12\/showroom-header2-300x175.jpg 300w, https:\/\/hersteragarden.com\/wp-content\/uploads\/2022\/12\/showroom-header2-1024x597.jpg 1024w, https:\/\/hersteragarden.com\/wp-content\/uploads\/2022\/12\/showroom-header2-768x448.jpg 768w, https:\/\/hersteragarden.com\/wp-content\/uploads\/2022\/12\/showroom-header2-1536x895.jpg 1536w, https:\/\/hersteragarden.com\/wp-content\/uploads\/2022\/12\/showroom-header2-2048x1194.jpg 2048w, https:\/\/hersteragarden.com\/wp-content\/uploads\/2022\/12\/showroom-header2-600x350.jpg 600w\" sizes=\"auto, (max-width: 2440px) 100vw, 2440px\" \/><div class=\"wp-block-cover__inner-container is-layout-flow wp-block-cover-is-layout-flow\"><div class=\"wp-bootstrap-blocks-row row\">\n\t\n\n<div class=\"col-12\">\n\t\t\t\n\n<div class=\"wp-block-group hero-content\"><div class=\"wp-block-group__inner-container is-layout-flow wp-block-group-is-layout-flow\">\n<h2 class=\"has-lm-pure-white-color-color has-text-color has-heading-big-font-size wp-block-heading\" id=\"macetas\" style=\"font-style:normal;font-weight:700\">Showroom pour les professionnels <\/h2>\n\n\n\n<p class=\"has-lm-pure-white-color-color has-text-color has-text-normal-font-size\">1000m<sup>2<\/sup> d&rsquo;inspiration : pots, jardini\u00e8res, tapis, luminaires&#8230;<\/p>\n<\/div><\/div>\n\n\t<\/div>\n\n<\/div>\n<\/div><\/div>\n\n<\/div>\n<div class=\"wp-bootstrap-blocks-container container mb-0 breadcrumbs\">\n\t\n<div class=\"wp-bootstrap-blocks-row row\">\n\t\n\n<div class=\"col-12 col-md-12\">\n\t\t\t\n<div class=\"yoast-breadcrumbs\"><span><span><a href=\"https:\/\/hersteragarden.com\/fr\/\">Portada<\/a><\/span> \/ <span class=\"breadcrumb_last\" aria-current=\"page\">Showroom<\/span><\/span><\/div>\n\t<\/div>\n\n<\/div>\n\n<\/div>\n<div class=\"wp-bootstrap-blocks-container container mb-0 text-right\">\n\t\n<div class=\"wp-bootstrap-blocks-row row flex-md-row-reverse\">\n\t\n\n<div class=\"col-12 col-md-6\">\n\t\t\t\n\n<h2 class=\"has-heading-small-font-size wp-block-heading\" id=\"lorem-ipsum-dolor-sitamet-qui-ad-explamquis-ipsust-lisciis-maio\">Explorez un monde de combinaisons infinies<\/h2>\n\n\n\n<p class=\"has-lm-light-text-color has-text-color has-text-normal-font-size\">D\u00e9couvrez nos produits de pr\u00e8s et transformez notre catalogue en une exp\u00e9rience sensorielle en visitant notre showroom. Chaque ann\u00e9e, nous pr\u00e9sentons la nouvelle collection, distribu\u00e9e dans diff\u00e9rents environnements pour montrer la vari\u00e9t\u00e9 des styles de mani\u00e8re inspirante pour votre point de vente ou projet. Vous pouvez ainsi recr\u00e9er un univers unique pour vos clients et collaborateurs.<br\/><br\/>Un espace con\u00e7u pour les professionnels, dans le but de partager les tendances du secteur du jardinage et de favoriser le dialogue et la collaboration avec nos clients. Notre commercial vous conseillera parmi plus de 3 000 articles, qui s&rsquo;adapteront \u00e0 tous vos besoins.<\/p>\n\n\n\n<div class=\"wp-block-buttons is-layout-flex wp-block-buttons-is-layout-flex\">\n<div class=\"wp-block-button is-style-outline is-style-outline--1\"><a class=\"wp-block-button__link wp-element-button\" href=\"#contact\" style=\"border-radius:0px\">Prendre rendez-vous avec le commercial<\/a><\/div>\n<\/div>\n\n\t<\/div>\n\n<\/div>\n\n<\/div>\n<div class=\"wp-bootstrap-blocks-container container mb-0 galeria\">\n\t\n<div class=\"wp-bootstrap-blocks-row row\">\n\t\n\n<div class=\"col-12 col-md-6\">\n\t\t\t\n\n<figure class=\"wp-block-image size-full\"><img loading=\"lazy\" decoding=\"async\" width=\"964\" height=\"1209\" src=\"https:\/\/hersteragarden.com\/wp-content\/uploads\/2022\/11\/showroom-detail6.jpg\" alt=\"\" class=\"wp-image-2939\" srcset=\"https:\/\/hersteragarden.com\/wp-content\/uploads\/2022\/11\/showroom-detail6.jpg 964w, https:\/\/hersteragarden.com\/wp-content\/uploads\/2022\/11\/showroom-detail6-239x300.jpg 239w, https:\/\/hersteragarden.com\/wp-content\/uploads\/2022\/11\/showroom-detail6-816x1024.jpg 816w, https:\/\/hersteragarden.com\/wp-content\/uploads\/2022\/11\/showroom-detail6-768x963.jpg 768w, https:\/\/hersteragarden.com\/wp-content\/uploads\/2022\/11\/showroom-detail6-600x752.jpg 600w\" sizes=\"auto, (max-width: 964px) 100vw, 964px\" \/><\/figure>\n\n\t<\/div>\n\n\n\n<div class=\"col-12 col-md-6\">\n\t\t\t\n\n<figure class=\"wp-block-image size-full\"><img loading=\"lazy\" decoding=\"async\" width=\"964\" height=\"1209\" src=\"https:\/\/hersteragarden.com\/wp-content\/uploads\/2022\/11\/showroom-detail5.jpg\" alt=\"\" class=\"wp-image-2940\" srcset=\"https:\/\/hersteragarden.com\/wp-content\/uploads\/2022\/11\/showroom-detail5.jpg 964w, https:\/\/hersteragarden.com\/wp-content\/uploads\/2022\/11\/showroom-detail5-239x300.jpg 239w, https:\/\/hersteragarden.com\/wp-content\/uploads\/2022\/11\/showroom-detail5-816x1024.jpg 816w, https:\/\/hersteragarden.com\/wp-content\/uploads\/2022\/11\/showroom-detail5-768x963.jpg 768w, https:\/\/hersteragarden.com\/wp-content\/uploads\/2022\/11\/showroom-detail5-600x752.jpg 600w\" sizes=\"auto, (max-width: 964px) 100vw, 964px\" \/><\/figure>\n\n\t<\/div>\n\n<\/div>\n\n\n<div class=\"wp-bootstrap-blocks-row row\">\n\t\n\n<div class=\"col-12\">\n\t\t\t\n\n<figure class=\"wp-block-image size-full\"><img loading=\"lazy\" decoding=\"async\" width=\"1956\" height=\"1209\" src=\"https:\/\/hersteragarden.com\/wp-content\/uploads\/2022\/11\/showroom-detail9.jpg\" alt=\"\" class=\"wp-image-2946\" srcset=\"https:\/\/hersteragarden.com\/wp-content\/uploads\/2022\/11\/showroom-detail9.jpg 1956w, https:\/\/hersteragarden.com\/wp-content\/uploads\/2022\/11\/showroom-detail9-300x185.jpg 300w, https:\/\/hersteragarden.com\/wp-content\/uploads\/2022\/11\/showroom-detail9-1024x633.jpg 1024w, https:\/\/hersteragarden.com\/wp-content\/uploads\/2022\/11\/showroom-detail9-768x475.jpg 768w, https:\/\/hersteragarden.com\/wp-content\/uploads\/2022\/11\/showroom-detail9-1536x949.jpg 1536w, https:\/\/hersteragarden.com\/wp-content\/uploads\/2022\/11\/showroom-detail9-600x371.jpg 600w\" sizes=\"auto, (max-width: 1956px) 100vw, 1956px\" \/><\/figure>\n\n\t<\/div>\n\n<\/div>\n\n\n<div class=\"wp-bootstrap-blocks-row row\">\n\t\n\n<div class=\"col-12\">\n\t\t\t\n\n<figure class=\"wp-block-image size-full\"><img loading=\"lazy\" decoding=\"async\" width=\"1956\" height=\"1209\" src=\"https:\/\/hersteragarden.com\/wp-content\/uploads\/2022\/12\/showroom-detail10.jpg\" alt=\"Showroom Herstera Garden\" class=\"wp-image-3494\" srcset=\"https:\/\/hersteragarden.com\/wp-content\/uploads\/2022\/12\/showroom-detail10.jpg 1956w, https:\/\/hersteragarden.com\/wp-content\/uploads\/2022\/12\/showroom-detail10-300x185.jpg 300w, https:\/\/hersteragarden.com\/wp-content\/uploads\/2022\/12\/showroom-detail10-1024x633.jpg 1024w, https:\/\/hersteragarden.com\/wp-content\/uploads\/2022\/12\/showroom-detail10-768x475.jpg 768w, https:\/\/hersteragarden.com\/wp-content\/uploads\/2022\/12\/showroom-detail10-1536x949.jpg 1536w, https:\/\/hersteragarden.com\/wp-content\/uploads\/2022\/12\/showroom-detail10-600x371.jpg 600w\" sizes=\"auto, (max-width: 1956px) 100vw, 1956px\" \/><\/figure>\n\n\t<\/div>\n\n<\/div>\n\n\n<div class=\"wp-bootstrap-blocks-row row\">\n\t\n\n<div class=\"col-12\">\n\t\t\t\n\n<figure class=\"wp-block-image size-full\"><img loading=\"lazy\" decoding=\"async\" width=\"1956\" height=\"1209\" src=\"https:\/\/hersteragarden.com\/wp-content\/uploads\/2022\/11\/showroom-detail8.jpg\" alt=\"\" class=\"wp-image-2945\" srcset=\"https:\/\/hersteragarden.com\/wp-content\/uploads\/2022\/11\/showroom-detail8.jpg 1956w, https:\/\/hersteragarden.com\/wp-content\/uploads\/2022\/11\/showroom-detail8-300x185.jpg 300w, https:\/\/hersteragarden.com\/wp-content\/uploads\/2022\/11\/showroom-detail8-1024x633.jpg 1024w, https:\/\/hersteragarden.com\/wp-content\/uploads\/2022\/11\/showroom-detail8-768x475.jpg 768w, https:\/\/hersteragarden.com\/wp-content\/uploads\/2022\/11\/showroom-detail8-1536x949.jpg 1536w, https:\/\/hersteragarden.com\/wp-content\/uploads\/2022\/11\/showroom-detail8-600x371.jpg 600w\" sizes=\"auto, (max-width: 1956px) 100vw, 1956px\" \/><\/figure>\n\n\t<\/div>\n\n<\/div>\n\n\n<div class=\"wp-bootstrap-blocks-row row\">\n\t\n\n<div class=\"col-12\">\n\t\t\t\n\n<figure class=\"wp-block-image size-full\"><img loading=\"lazy\" decoding=\"async\" width=\"1956\" height=\"1209\" src=\"https:\/\/hersteragarden.com\/wp-content\/uploads\/2022\/04\/showroom-detail4.jpg\" alt=\"\" class=\"wp-image-1320\" srcset=\"https:\/\/hersteragarden.com\/wp-content\/uploads\/2022\/04\/showroom-detail4.jpg 1956w, https:\/\/hersteragarden.com\/wp-content\/uploads\/2022\/04\/showroom-detail4-300x185.jpg 300w, https:\/\/hersteragarden.com\/wp-content\/uploads\/2022\/04\/showroom-detail4-1024x633.jpg 1024w, https:\/\/hersteragarden.com\/wp-content\/uploads\/2022\/04\/showroom-detail4-768x475.jpg 768w, https:\/\/hersteragarden.com\/wp-content\/uploads\/2022\/04\/showroom-detail4-1536x949.jpg 1536w, https:\/\/hersteragarden.com\/wp-content\/uploads\/2022\/04\/showroom-detail4-600x371.jpg 600w\" sizes=\"auto, (max-width: 1956px) 100vw, 1956px\" \/><\/figure>\n\n\t<\/div>\n\n<\/div>\n\n<\/div>\n<div class=\"wp-bootstrap-blocks-container container-fluid mb-0\">\n\t\n\n<div class=\"wp-block-group has-lm-background-color-background-color has-background\"><div class=\"wp-block-group__inner-container is-layout-flow wp-block-group-is-layout-flow\"><div class=\"wp-bootstrap-blocks-container container mb-0 contact-inline separator\">\n\t\n<div class=\"wp-bootstrap-blocks-row row\">\n\t\n\n<div class=\"col-12 col-md-3\">\n\t\t\t\n\n<h2 class=\"wp-block-heading\" id=\"contacto\">Contacta con nosotros<\/h2>\n\n\t<\/div>\n\n\n\n<div class=\"col-12 col-md-9\">\n\t\t\t\n\n<div class=\"wpcf7 no-js\" id=\"wpcf7-f5041-o1\" lang=\"fr-FR\" dir=\"ltr\">\n<div class=\"screen-reader-response\"><p role=\"status\" aria-live=\"polite\" aria-atomic=\"true\"><\/p> <ul><\/ul><\/div>\n<form action=\"\/fr\/wp-json\/wp\/v2\/pages\/4781#wpcf7-f5041-o1\" method=\"post\" class=\"wpcf7-form init\" aria-label=\"Formulaire de contact\" novalidate=\"novalidate\" data-status=\"init\">\n<div style=\"display: none;\">\n<input type=\"hidden\" name=\"_wpcf7\" value=\"5041\" \/>\n<input type=\"hidden\" name=\"_wpcf7_version\" value=\"5.8.2\" \/>\n<input type=\"hidden\" name=\"_wpcf7_locale\" value=\"fr_FR\" \/>\n<input type=\"hidden\" name=\"_wpcf7_unit_tag\" value=\"wpcf7-f5041-o1\" \/>\n<input type=\"hidden\" name=\"_wpcf7_container_post\" value=\"0\" \/>\n<input type=\"hidden\" name=\"_wpcf7_posted_data_hash\" value=\"\" \/>\n<input type=\"hidden\" name=\"_wpcf7_recaptcha_response\" value=\"\" \/>\n<\/div>\n<p><span class=\"wpcf7-form-control-wrap\" data-name=\"nombre\"><input size=\"40\" class=\"wpcf7-form-control wpcf7-text wpcf7-validates-as-required\" aria-required=\"true\" aria-invalid=\"false\" placeholder=\"Nom*\" value=\"\" type=\"text\" name=\"nombre\" \/><\/span><span class=\"wpcf7-form-control-wrap\" data-name=\"mail\"><input size=\"40\" class=\"wpcf7-form-control wpcf7-email wpcf7-validates-as-required wpcf7-text wpcf7-validates-as-email\" aria-required=\"true\" aria-invalid=\"false\" placeholder=\"Mail*\" value=\"\" type=\"email\" name=\"mail\" \/><\/span><span class=\"wpcf7-form-control-wrap\" data-name=\"telf\"><input size=\"40\" class=\"wpcf7-form-control wpcf7-tel wpcf7-validates-as-required wpcf7-text wpcf7-validates-as-tel\" aria-required=\"true\" aria-invalid=\"false\" placeholder=\"T\u00e9l\u00e9phone*\" value=\"\" type=\"tel\" name=\"telf\" \/><\/span><span class=\"wpcf7-form-control-wrap\" data-name=\"empresa\"><input size=\"40\" class=\"wpcf7-form-control wpcf7-text\" aria-invalid=\"false\" placeholder=\"Entreprise\" value=\"\" type=\"text\" name=\"empresa\" \/><\/span><span class=\"wpcf7-form-control-wrap\" data-name=\"your-select-company\"><select class=\"wpcf7-form-control wpcf7-select wpcf7-validates-as-required\" aria-required=\"true\" aria-invalid=\"false\" name=\"your-select-company\"><option value=\"\">Type d&#039;entreprise<\/option><option value=\"Garden\/ Jardinage\">Garden\/ Jardinage<\/option><option value=\"Fleuriste\">Fleuriste<\/option><option value=\"Vivero\">Vivero<\/option><option value=\"Centre de bricolage\">Centre de bricolage<\/option><option value=\"Architecture\">Architecture<\/option><option value=\"D\u00e9corateur\/Architecte d&#039;int\u00e9rieur\">D\u00e9corateur\/Architecte d&#039;int\u00e9rieur<\/option><option value=\"Paysagiste\">Paysagiste<\/option><option value=\"E-commerce\">E-commerce<\/option><option value=\"Autres\">Autres<\/option><\/select><\/span><span class=\"wpcf7-form-control-wrap\" data-name=\"provincia\"><input size=\"40\" class=\"wpcf7-form-control wpcf7-text\" aria-invalid=\"false\" placeholder=\"Province\" value=\"\" type=\"text\" name=\"provincia\" \/><\/span><span class=\"wpcf7-form-control-wrap\" data-name=\"pais\"><input size=\"40\" class=\"wpcf7-form-control wpcf7-text\" aria-invalid=\"false\" placeholder=\"Pays\" value=\"\" type=\"text\" name=\"pais\" \/><\/span><span class=\"wpcf7-form-control-wrap\" data-name=\"message\"><textarea cols=\"40\" rows=\"10\" class=\"wpcf7-form-control wpcf7-textarea\" aria-invalid=\"false\" placeholder=\"Comment pouvons-nous vous aider ?\" name=\"message\"><\/textarea><\/span><span class=\"wpcf7-form-control-wrap\" data-name=\"acceptance-235\"><span class=\"wpcf7-form-control wpcf7-acceptance\"><span class=\"wpcf7-list-item\"><label><input type=\"checkbox\" name=\"acceptance-235\" value=\"1\" aria-invalid=\"false\" \/><span class=\"wpcf7-list-item-label\">J'ai lu et j'accepte <a href=\"https:\/\/hersteragarden.com\/politica-privacidad\/\">la politique de confidentialit\u00e9<\/a><br>En vous inscrivant, vous acceptez <a href=\"https:\/\/hersteragarden.com\/politica-privacidad\/\">la politique de confidentialit\u00e9 et de protection des donn\u00e9es<\/a><\/span><\/label><\/span><\/span><\/span><span class=\"wpcf7-form-control-wrap\" data-name=\"your-consent\"><span class=\"wpcf7-form-control wpcf7-checkbox\"><span class=\"wpcf7-list-item first last\"><label><input type=\"checkbox\" name=\"your-consent[]\" value=\"Je souhaite recevoir des nouvelles d&#039;Herstera par mail\" \/><span class=\"wpcf7-list-item-label\">Je souhaite recevoir des nouvelles d&#039;Herstera par mail<\/span><\/label><\/span><\/span><\/span><input class=\"wpcf7-form-control wpcf7-submit has-spinner\" type=\"submit\" value=\"Envoyer\" \/>\n<\/p><div class=\"wpcf7-response-output\" aria-hidden=\"true\"><\/div>\n<\/form>\n<\/div>\n\n\n\t<\/div>\n\n<\/div>\n\n<\/div>\n<\/div><\/div>\n\n<\/div>\n","protected":false},"excerpt":{"rendered":"<p> <span class=\"more-symbol\">[&#8230;]<\/span><\/p>\n","protected":false},"author":2,"featured_media":0,"parent":0,"menu_order":15,"comment_status":"closed","ping_status":"closed","template":"page-templates\/fullwidthpage.php","meta":{"inline_featured_image":false,"footnotes":""},"class_list":["post-4781","page","type-page","status-publish","hentry"],"yoast_head":"<!-- This site is optimized with the Yoast SEO plugin v21.5 - https:\/\/yoast.com\/wordpress\/plugins\/seo\/ -->\n<title>Showroom pour professionnels : d\u00e9co &amp; jardins - hersteragarden.com<\/title>\n<meta name=\"description\" content=\"Vivez nos produits de plus pr\u00e8s et faites de notre catalogue une exp\u00e9rience sensorielle en visitant notre showroom. Trouvez votre inspiration ici !\" \/>\n<meta name=\"robots\" content=\"index, follow, max-snippet:-1, max-image-preview:large, max-video-preview:-1\" \/>\n<link rel=\"canonical\" href=\"https:\/\/hersteragarden.com\/fr\/showroom-2\/\" \/>\n<meta property=\"og:locale\" content=\"fr_FR\" \/>\n<meta property=\"og:type\" content=\"article\" \/>\n<meta property=\"og:title\" content=\"Showroom pour professionnels : d\u00e9co &amp; jardins - hersteragarden.com\" \/>\n<meta property=\"og:description\" content=\"Vivez nos produits de plus pr\u00e8s et faites de notre catalogue une exp\u00e9rience sensorielle en visitant notre showroom. Trouvez votre inspiration ici !\" \/>\n<meta property=\"og:url\" content=\"https:\/\/hersteragarden.com\/fr\/showroom-2\/\" \/>\n<meta property=\"og:site_name\" content=\"hersteragarden.com\" \/>\n<meta property=\"article:modified_time\" content=\"2023-01-11T11:04:34+00:00\" \/>\n<meta property=\"og:image\" content=\"https:\/\/hersteragarden.com\/wp-content\/uploads\/2022\/12\/showroom-header2.jpg\" \/>\n<meta name=\"twitter:card\" content=\"summary_large_image\" \/>\n<meta name=\"twitter:label1\" content=\"Dur\u00e9e de lecture estim\u00e9e\" \/>\n\t<meta name=\"twitter:data1\" content=\"1 minute\" \/>\n<script type=\"application\/ld+json\" class=\"yoast-schema-graph\">{\"@context\":\"https:\/\/schema.org\",\"@graph\":[{\"@type\":\"WebPage\",\"@id\":\"https:\/\/hersteragarden.com\/fr\/showroom-2\/\",\"url\":\"https:\/\/hersteragarden.com\/fr\/showroom-2\/\",\"name\":\"Showroom pour professionnels : d\u00e9co & jardins - hersteragarden.com\",\"isPartOf\":{\"@id\":\"https:\/\/hersteragarden.com\/fr\/#website\"},\"datePublished\":\"2022-02-20T12:26:20+00:00\",\"dateModified\":\"2023-01-11T11:04:34+00:00\",\"description\":\"Vivez nos produits de plus pr\u00e8s et faites de notre catalogue une exp\u00e9rience sensorielle en visitant notre showroom. Trouvez votre inspiration ici !\",\"breadcrumb\":{\"@id\":\"https:\/\/hersteragarden.com\/fr\/showroom-2\/#breadcrumb\"},\"inLanguage\":\"fr-FR\",\"potentialAction\":[{\"@type\":\"ReadAction\",\"target\":[\"https:\/\/hersteragarden.com\/fr\/showroom-2\/\"]}]},{\"@type\":\"BreadcrumbList\",\"@id\":\"https:\/\/hersteragarden.com\/fr\/showroom-2\/#breadcrumb\",\"itemListElement\":[{\"@type\":\"ListItem\",\"position\":1,\"name\":\"Portada\",\"item\":\"https:\/\/hersteragarden.com\/fr\/\"},{\"@type\":\"ListItem\",\"position\":2,\"name\":\"Showroom\"}]},{\"@type\":\"WebSite\",\"@id\":\"https:\/\/hersteragarden.com\/fr\/#website\",\"url\":\"https:\/\/hersteragarden.com\/fr\/\",\"name\":\"hersteragarden.com\",\"description\":\"Passion for pottery\",\"publisher\":{\"@id\":\"https:\/\/hersteragarden.com\/fr\/#organization\"},\"potentialAction\":[{\"@type\":\"SearchAction\",\"target\":{\"@type\":\"EntryPoint\",\"urlTemplate\":\"https:\/\/hersteragarden.com\/fr\/?s={search_term_string}\"},\"query-input\":\"required name=search_term_string\"}],\"inLanguage\":\"fr-FR\"},{\"@type\":\"Organization\",\"@id\":\"https:\/\/hersteragarden.com\/fr\/#organization\",\"name\":\"hersteragarden.com\",\"url\":\"https:\/\/hersteragarden.com\/fr\/\",\"logo\":{\"@type\":\"ImageObject\",\"inLanguage\":\"fr-FR\",\"@id\":\"https:\/\/hersteragarden.com\/fr\/#\/schema\/logo\/image\/\",\"url\":\"https:\/\/hersteragarden.com\/wp-content\/uploads\/2022\/02\/logo.svg\",\"contentUrl\":\"https:\/\/hersteragarden.com\/wp-content\/uploads\/2022\/02\/logo.svg\",\"width\":100,\"height\":100,\"caption\":\"hersteragarden.com\"},\"image\":{\"@id\":\"https:\/\/hersteragarden.com\/fr\/#\/schema\/logo\/image\/\"}}]}<\/script>\n<!-- \/ Yoast SEO plugin. -->","yoast_head_json":{"title":"Showroom pour professionnels : d\u00e9co & jardins - hersteragarden.com","description":"Vivez nos produits de plus pr\u00e8s et faites de notre catalogue une exp\u00e9rience sensorielle en visitant notre showroom. Trouvez votre inspiration ici !","robots":{"index":"index","follow":"follow","max-snippet":"max-snippet:-1","max-image-preview":"max-image-preview:large","max-video-preview":"max-video-preview:-1"},"canonical":"https:\/\/hersteragarden.com\/fr\/showroom-2\/","og_locale":"fr_FR","og_type":"article","og_title":"Showroom pour professionnels : d\u00e9co & jardins - hersteragarden.com","og_description":"Vivez nos produits de plus pr\u00e8s et faites de notre catalogue une exp\u00e9rience sensorielle en visitant notre showroom. Trouvez votre inspiration ici !","og_url":"https:\/\/hersteragarden.com\/fr\/showroom-2\/","og_site_name":"hersteragarden.com","article_modified_time":"2023-01-11T11:04:34+00:00","og_image":[{"url":"https:\/\/hersteragarden.com\/wp-content\/uploads\/2022\/12\/showroom-header2.jpg"}],"twitter_card":"summary_large_image","twitter_misc":{"Dur\u00e9e de lecture estim\u00e9e":"1 minute"},"schema":{"@context":"https:\/\/schema.org","@graph":[{"@type":"WebPage","@id":"https:\/\/hersteragarden.com\/fr\/showroom-2\/","url":"https:\/\/hersteragarden.com\/fr\/showroom-2\/","name":"Showroom pour professionnels : d\u00e9co & jardins - hersteragarden.com","isPartOf":{"@id":"https:\/\/hersteragarden.com\/fr\/#website"},"datePublished":"2022-02-20T12:26:20+00:00","dateModified":"2023-01-11T11:04:34+00:00","description":"Vivez nos produits de plus pr\u00e8s et faites de notre catalogue une exp\u00e9rience sensorielle en visitant notre showroom. Trouvez votre inspiration ici !","breadcrumb":{"@id":"https:\/\/hersteragarden.com\/fr\/showroom-2\/#breadcrumb"},"inLanguage":"fr-FR","potentialAction":[{"@type":"ReadAction","target":["https:\/\/hersteragarden.com\/fr\/showroom-2\/"]}]},{"@type":"BreadcrumbList","@id":"https:\/\/hersteragarden.com\/fr\/showroom-2\/#breadcrumb","itemListElement":[{"@type":"ListItem","position":1,"name":"Portada","item":"https:\/\/hersteragarden.com\/fr\/"},{"@type":"ListItem","position":2,"name":"Showroom"}]},{"@type":"WebSite","@id":"https:\/\/hersteragarden.com\/fr\/#website","url":"https:\/\/hersteragarden.com\/fr\/","name":"hersteragarden.com","description":"Passion for pottery","publisher":{"@id":"https:\/\/hersteragarden.com\/fr\/#organization"},"potentialAction":[{"@type":"SearchAction","target":{"@type":"EntryPoint","urlTemplate":"https:\/\/hersteragarden.com\/fr\/?s={search_term_string}"},"query-input":"required name=search_term_string"}],"inLanguage":"fr-FR"},{"@type":"Organization","@id":"https:\/\/hersteragarden.com\/fr\/#organization","name":"hersteragarden.com","url":"https:\/\/hersteragarden.com\/fr\/","logo":{"@type":"ImageObject","inLanguage":"fr-FR","@id":"https:\/\/hersteragarden.com\/fr\/#\/schema\/logo\/image\/","url":"https:\/\/hersteragarden.com\/wp-content\/uploads\/2022\/02\/logo.svg","contentUrl":"https:\/\/hersteragarden.com\/wp-content\/uploads\/2022\/02\/logo.svg","width":100,"height":100,"caption":"hersteragarden.com"},"image":{"@id":"https:\/\/hersteragarden.com\/fr\/#\/schema\/logo\/image\/"}}]}},"_links":{"self":[{"href":"https:\/\/hersteragarden.com\/fr\/wp-json\/wp\/v2\/pages\/4781","targetHints":{"allow":["GET"]}}],"collection":[{"href":"https:\/\/hersteragarden.com\/fr\/wp-json\/wp\/v2\/pages"}],"about":[{"href":"https:\/\/hersteragarden.com\/fr\/wp-json\/wp\/v2\/types\/page"}],"author":[{"embeddable":true,"href":"https:\/\/hersteragarden.com\/fr\/wp-json\/wp\/v2\/users\/2"}],"replies":[{"embeddable":true,"href":"https:\/\/hersteragarden.com\/fr\/wp-json\/wp\/v2\/comments?post=4781"}],"version-history":[{"count":1,"href":"https:\/\/hersteragarden.com\/fr\/wp-json\/wp\/v2\/pages\/4781\/revisions"}],"predecessor-version":[{"id":4782,"href":"https:\/\/hersteragarden.com\/fr\/wp-json\/wp\/v2\/pages\/4781\/revisions\/4782"}],"wp:attachment":[{"href":"https:\/\/hersteragarden.com\/fr\/wp-json\/wp\/v2\/media?parent=4781"}],"curies":[{"name":"wp","href":"https:\/\/api.w.org\/{rel}","templated":true}]}}